{"id":11273,"date":"2022-08-22T16:24:41","date_gmt":"2022-08-22T20:24:41","guid":{"rendered":"https:\/\/onleyinitiative.ca\/readiness-assessment-completion-guide-clone\/"},"modified":"2023-10-27T15:14:45","modified_gmt":"2023-10-27T19:14:45","slug":"readiness-assessment-webinar","status":"publish","type":"page","link":"https:\/\/onleyinitiative.ca\/fr\/readiness-assessment-webinar\/","title":{"rendered":"Readiness Assessment Webinar | Webinaire sur l&#8217;\u00e9valuation de l&#8217;\u00e9tat de pr\u00e9paration"},"content":{"rendered":"<section class=\"l-section wpb_row top-contact height_medium\" id=\"top-banner\"><div class=\"l-section-overlay\" style=\"background:rgba(123,138,163,0.5)\"><\/div><div class=\"l-section-h i-cf\"><div class=\"g-cols vc_row via_grid cols_1 laptops-cols_inherit tablets-cols_inherit mobiles-cols_1 valign_top type_default stacking_default\"><div class=\"wpb_column vc_column_container\"><div class=\"vc_column-inner\"><div class=\"wpb_text_column us_custom_3fb4e952\"><div class=\"wpb_wrapper\"><h1 title=\"L\u2019Initiative David C. Onley\"><b>Readiness Assessment Webinar | Webinaire sur l&#8217;\u00e9valuation de l&#8217;\u00e9tat de pr\u00e9paration<\/b><\/h1>\n<\/div><\/div><\/div><\/div><\/div><\/div><\/section><section class=\"l-section wpb_row height_medium\"><div class=\"l-section-h i-cf\"><div class=\"g-cols vc_row via_grid cols_1 laptops-cols_inherit tablets-cols_inherit mobiles-cols_1 valign_top type_default stacking_default\"><div class=\"wpb_column vc_column_container\"><div class=\"vc_column-inner\"><div class=\"wpb_text_column\"><div class=\"wpb_wrapper\"><p>Thank you for attending the DCOI 2.0 Readiness Assessment Webinar.<\/p>\n<p>A recording of the event and a copy of the presentation slides will be shared with attendees following the event.<\/p>\n<p>If you have any questions about the webinar or about completing the Readiness Assessment Instrument, please email <a href=\"mailto:DCO@carleton.ca\">DCO@carleton.ca<\/a>.<\/p>\n<\/div><\/div><\/div><\/div><\/div><\/div><\/section>","protected":false},"excerpt":{"rendered":"Readiness Assessment Webinar | Webinaire sur l&#8217;\u00e9valuation de l&#8217;\u00e9tat de pr\u00e9paration Thank you for attending the DCOI 2.0 Readiness Assessment Webinar. A recording of the event and a copy of the presentation slides will be shared with attendees following the event. If you have any questions about the webinar or about completing the Readiness Assessment...","protected":false},"author":11,"featured_media":0,"parent":0,"menu_order":0,"comment_status":"closed","ping_status":"closed","template":"","meta":{"footnotes":""},"categories":[],"tags":[],"class_list":["post-11273","page","type-page","status-publish","hentry"],"_links":{"self":[{"href":"https:\/\/onleyinitiative.ca\/fr\/wp-json\/wp\/v2\/pages\/11273","targetHints":{"allow":["GET"]}}],"collection":[{"href":"https:\/\/onleyinitiative.ca\/fr\/wp-json\/wp\/v2\/pages"}],"about":[{"href":"https:\/\/onleyinitiative.ca\/fr\/wp-json\/wp\/v2\/types\/page"}],"author":[{"embeddable":true,"href":"https:\/\/onleyinitiative.ca\/fr\/wp-json\/wp\/v2\/users\/11"}],"replies":[{"embeddable":true,"href":"https:\/\/onleyinitiative.ca\/fr\/wp-json\/wp\/v2\/comments?post=11273"}],"version-history":[{"count":11,"href":"https:\/\/onleyinitiative.ca\/fr\/wp-json\/wp\/v2\/pages\/11273\/revisions"}],"predecessor-version":[{"id":11374,"href":"https:\/\/onleyinitiative.ca\/fr\/wp-json\/wp\/v2\/pages\/11273\/revisions\/11374"}],"wp:attachment":[{"href":"https:\/\/onleyinitiative.ca\/fr\/wp-json\/wp\/v2\/media?parent=11273"}],"wp:term":[{"taxonomy":"category","embeddable":true,"href":"https:\/\/onleyinitiative.ca\/fr\/wp-json\/wp\/v2\/categories?post=11273"},{"taxonomy":"post_tag","embeddable":true,"href":"https:\/\/onleyinitiative.ca\/fr\/wp-json\/wp\/v2\/tags?post=11273"}],"curies":[{"name":"wp","href":"https:\/\/api.w.org\/{rel}","templated":true}]}}