{"id":11381,"date":"2023-10-30T20:37:27","date_gmt":"2023-10-31T00:37:27","guid":{"rendered":"https:\/\/staging.carbure.co\/onleyinitiative\/?page_id=11381"},"modified":"2024-02-15T16:42:04","modified_gmt":"2024-02-15T20:42:04","slug":"david-c-onley-initiative","status":"publish","type":"page","link":"https:\/\/onleyinitiative.ca\/fr\/","title":{"rendered":"L\u2019Initiative David C. Onley"},"content":{"rendered":"<section class=\"l-section wpb_row height_auto\"><div class=\"l-section-h i-cf\"><div class=\"g-cols vc_row via_grid cols_2 laptops-cols_inherit tablets-cols_inherit mobiles-cols_1 valign_middle type_default\" style=\"--gap:4vw;\"><div class=\"wpb_column vc_column_container\"><div class=\"vc_column-inner\"><div class=\"w-separator size_medium\"><\/div><h1 class=\"w-text us_custom_9de87d4e\"><span class=\"w-text-h\"><span class=\"w-text-value\">L\u2019Initiative David C. Onley<\/span><\/span><\/h1><div class=\"w-separator size_small\"><\/div><div class=\"wpb_text_column\"><div class=\"wpb_wrapper\"><p>L\u2019initiative David C. Onley (IDCO) est n\u00e9e d\u2019un projet de recherche appliqu\u00e9e. Sous la direction de l\u2019 <a href=\"https:\/\/carleton.ca\/accessibility-institute\/\" target=\"_blank\" rel=\"noopener\">l\u2019Institut de l\u2019accessibilit\u00e9<\/a> de l\u2019Universit\u00e9 Carleton et financ\u00e9 par le <a href=\"https:\/\/www.ontario.ca\/page\/ministry-colleges-universities\" target=\"_blank\" rel=\"noopener\">minist\u00e8re des Coll\u00e8ges et Universit\u00e9s<\/a>, le projet a \u00e9t\u00e9 con\u00e7u pour combler l\u2019\u00e9cart en mati\u00e8re d\u2019emploi qui existe entre les \u00e9tudiant(e)s en situation de handicap des \u00e9tablissements d\u2019enseignement postsecondaire et leurs pairs sans handicap. L\u2019\u00e9cart en mati\u00e8re d\u2019emploi est la diff\u00e9rence entre le pourcentage d\u2019\u00e9tudiant(e)s en situation de handicap ayant poursuivi des \u00e9tudes postsecondaires qui sont en mesure de trouver un emploi int\u00e9ressant apr\u00e8s avoir obtenu leur dipl\u00f4me et le pourcentage beaucoup plus \u00e9lev\u00e9 d\u2019\u00e9tudiant(e)s sans handicap qui y parviennent.<\/p>\n<\/div><\/div><div class=\"w-separator size_medium\"><\/div><\/div><\/div><div class=\"wpb_column vc_column_container us_custom_22f6878c has_bg_color stretched\"><div class=\"vc_column-inner\"><\/div><\/div><\/div><\/div><\/section><section class=\"l-section wpb_row height_medium with_img\"><div class=\"l-section-img\" role=\"img\" data-img-width=\"1916\" data-img-height=\"403\" style=\"background-image: url(https:\/\/onleyinitiative.ca\/wp-content\/uploads\/2023\/10\/Stat_Yellow-bG.jpg);background-position: center left;\"><\/div><div class=\"l-section-h i-cf\"><div class=\"g-cols vc_row via_grid cols_1-2 laptops-cols_inherit tablets-cols_inherit mobiles-cols_1 valign_top type_default stacking_default\"><div class=\"wpb_column vc_column_container\"><div class=\"vc_column-inner\"><div class=\"w-counter us_custom_9de87d4e color_primary align_center\" data-duration=\"2\"><div class=\"w-counter-value\"><span class=\"w-counter-value-part type_text\" data-final=\"\"><\/span><span class=\"w-counter-value-part type_number\" data-final=\"50,000\">1<\/span><span class=\"w-counter-value-part type_text\" data-final=\"\"><\/span><\/div><h6 class=\"w-counter-title\">\u00e9tudiant(e)s en situation de handicap en Ontario<\/h6><\/div><\/div><\/div><div class=\"wpb_column vc_column_container\"><div class=\"vc_column-inner\"><div class=\"w-text\"><span class=\"w-text-h\"><span class=\"w-text-value\"><\/span><\/span><\/div><div class=\"wpb_text_column\"><div class=\"wpb_wrapper\"><p>L\u2019Ontario compte pas moins de 50 000 \u00e9tudiant(e)s en situation de handicap effectuant des \u00e9tudes postsecondaires. Lorsque ces \u00e9tudiant(e)s obtiennent leur dipl\u00f4me, ils\/elles sont souvent \u00e9clips\u00e9(e)s par les mythes et ignor\u00e9(e)s par les employeurs et les responsables du recrutement. Ce probl\u00e8me persiste m\u00eame si les \u00e9tudiant(e)s et les dipl\u00f4m\u00e9(e)s en situation de handicap sont instruit(e)s, comp\u00e9tent(e)s et qualifi\u00e9(e)s, tout comme leurs pairs sans handicap.<\/p>\n<\/div><\/div><\/div><\/div><\/div><\/div><\/section><section class=\"l-section wpb_row height_medium\"><div class=\"l-section-h i-cf\"><div class=\"g-cols vc_row via_grid cols_3-2 laptops-cols_2 tablets-cols_inherit mobiles-cols_1 valign_middle type_default reversed stacking_default\" style=\"--gap:5%;\"><div class=\"wpb_column vc_column_container\"><div class=\"vc_column-inner\"><div class=\"w-image align_none\"><div class=\"w-image-h\"><img loading=\"lazy\" decoding=\"async\" width=\"627\" height=\"433\" src=\"https:\/\/onleyinitiative.ca\/wp-content\/uploads\/2023\/10\/Image-2.jpg\" class=\"attachment-large size-large\" alt=\"\" srcset=\"https:\/\/onleyinitiative.ca\/wp-content\/uploads\/2023\/10\/Image-2.jpg 627w, https:\/\/onleyinitiative.ca\/wp-content\/uploads\/2023\/10\/Image-2-300x207.jpg 300w\" sizes=\"auto, (max-width: 627px) 100vw, 627px\" \/><\/div><\/div><\/div><\/div><div class=\"wpb_column vc_column_container\"><div class=\"vc_column-inner\"><div class=\"wpb_text_column\"><div class=\"wpb_wrapper\"><p>\u00c0 la fin de la premi\u00e8re phase de recherche appliqu\u00e9e, nous avons r\u00e9alis\u00e9 qu\u2019il \u00e9tait possible de faire davantage pour combler l\u2019\u00e9cart en mati\u00e8re d\u2019emploi et relever les autres d\u00e9fis auxquels sont confront\u00e9s les \u00e9tudiant(e)s postsecondaires en situation de handicap. Plus pr\u00e9cis\u00e9ment, nous avons clairement per\u00e7u la n\u00e9cessit\u00e9 d\u2019aider les fournisseurs de services du campus qui soutiennent ces \u00e9tudiant(e)s et les membres de la communaut\u00e9 qui les embauchent et les soutiennent.<\/p>\n<p>Ce site vous offre un aper\u00e7u de chacune des phases de notre recherche appliqu\u00e9e. Il vous permet \u00e9galement d\u2019acc\u00e9der aux ressources et outils que nous avons con\u00e7us et d\u00e9velopp\u00e9s dans le cadre de notre travail. Veuillez <a href=\"https:\/\/carleton.ca\/accessibility-institute\/wp-content\/uploads\/DCOI-Final-Report.pdf\" target=\"_blank\" rel=\"noopener\">t\u00e9l\u00e9charger<\/a> un rapport complet qui d\u00e9taille notre travail dans la premi\u00e8re phase de recherche appliqu\u00e9e.<\/p>\n<\/div><\/div><\/div><\/div><\/div><\/div><\/section>","protected":false},"excerpt":{"rendered":"David C. Onley InitiativeThe David C. Onley Initiative (DCOI) started as an applied research project. Led by the Accessibility Institute at Carleton University and funded by the Ministry of Colleges and Universities, the project was designed to close the employment gap that exists between students with disabilities at post-secondary institutions and their non-disabled peers. The...","protected":false},"author":12,"featured_media":0,"parent":0,"menu_order":0,"comment_status":"closed","ping_status":"closed","template":"","meta":{"footnotes":""},"categories":[],"tags":[],"class_list":["post-11381","page","type-page","status-publish","hentry"],"_links":{"self":[{"href":"https:\/\/onleyinitiative.ca\/fr\/wp-json\/wp\/v2\/pages\/11381","targetHints":{"allow":["GET"]}}],"collection":[{"href":"https:\/\/onleyinitiative.ca\/fr\/wp-json\/wp\/v2\/pages"}],"about":[{"href":"https:\/\/onleyinitiative.ca\/fr\/wp-json\/wp\/v2\/types\/page"}],"author":[{"embeddable":true,"href":"https:\/\/onleyinitiative.ca\/fr\/wp-json\/wp\/v2\/users\/12"}],"replies":[{"embeddable":true,"href":"https:\/\/onleyinitiative.ca\/fr\/wp-json\/wp\/v2\/comments?post=11381"}],"version-history":[{"count":17,"href":"https:\/\/onleyinitiative.ca\/fr\/wp-json\/wp\/v2\/pages\/11381\/revisions"}],"predecessor-version":[{"id":11664,"href":"https:\/\/onleyinitiative.ca\/fr\/wp-json\/wp\/v2\/pages\/11381\/revisions\/11664"}],"wp:attachment":[{"href":"https:\/\/onleyinitiative.ca\/fr\/wp-json\/wp\/v2\/media?parent=11381"}],"wp:term":[{"taxonomy":"category","embeddable":true,"href":"https:\/\/onleyinitiative.ca\/fr\/wp-json\/wp\/v2\/categories?post=11381"},{"taxonomy":"post_tag","embeddable":true,"href":"https:\/\/onleyinitiative.ca\/fr\/wp-json\/wp\/v2\/tags?post=11381"}],"curies":[{"name":"wp","href":"https:\/\/api.w.org\/{rel}","templated":true}]}}