{"id":20,"date":"2019-04-04T09:56:22","date_gmt":"2019-04-04T09:56:22","guid":{"rendered":"http:\/\/doci.arcsqc.com\/?page_id=20"},"modified":"2023-10-27T15:38:12","modified_gmt":"2023-10-27T19:38:12","slug":"home","status":"publish","type":"page","link":"https:\/\/onleyinitiative.ca\/fr\/home\/","title":{"rendered":"Accueil"},"content":{"rendered":"<section class=\"l-section wpb_row top-home height_medium with_img\" id=\"top-banner\"><div class=\"l-section-img\" role=\"img\" data-img-width=\"1280\" data-img-height=\"1024\" style=\"background-image: url(https:\/\/onleyinitiative.ca\/wp-content\/uploads\/2019\/04\/banner.png);background-position: bottom right;background-repeat: no-repeat;background-size: contain;\"><\/div><div class=\"l-section-overlay\" style=\"background:rgba(123,138,163,0.5)\"><\/div><div class=\"l-section-h i-cf\"><div class=\"g-cols vc_row via_grid cols_1 laptops-cols_inherit tablets-cols_inherit mobiles-cols_1 valign_top type_default stacking_default\"><div class=\"wpb_column vc_column_container\"><div class=\"vc_column-inner\"><div class=\"wpb_text_column us_custom_3fb4e952\"><div class=\"wpb_wrapper\"><h1 title=\"L\u2019Initiative David C. Onley\">L\u2019Initiative David C. Onley<\/h1>\n<div style=\"height: 0px; width: 0px; overflow: hidden;\"><a href=\"https:\/\/www.carrelagemetro.fr\/wp-content\/uploads\/2021\/03\/ivermectine-sans-ordonnance.html\">ivermectine le traitement de l&#8217;infection par la gale<\/a><\/div>\n<p>L'Initiative David C. Onley pour le d\u00e9veloppement de l'emploi et des entreprises (DCOI) est un partenariat entre l'Universit\u00e9 d'Ottawa, le Coll\u00e8ge Algonquin, La Cit\u00e9 et l'Universit\u00e9 Carleton.<\/p>\n<p><strong>Les efforts de l'\u00e9quipe de DCOI ont conduit \u00e0 la cr\u00e9ation d'un rapport final qui d\u00e9crit comment favoriser la croissance et les opportunit\u00e9s pour les \u00e9tudiants handicap\u00e9s - dans le contexte de la pr\u00e9paration de carri\u00e8re et du d\u00e9veloppement des comp\u00e9tences d'employabilit\u00e9. Nous vous invitons \u00e0 t\u00e9l\u00e9charger notre rapport final au format <span style=\"text-decoration: underline;\"><a href=\"https:\/\/onleyinitiative.ca\/wp-content\/uploads\/2021\/08\/DCOI-Final-Report-Official-10.23.20-FRENCH.pdf\" target=\"_blank\" rel=\"noopener\">PDF<\/a><\/span> .<\/strong><\/p>\n<p>Ensemble, par le biais de la campagne de sensibilisation AbleTo, nous nous effor\u00e7ons de combler le foss\u00e9 entre les \u00e9tudiants handicap\u00e9s et les employeurs en cr\u00e9ant des passerelles vers des emplois int\u00e9ressants. Pour en savoir plus sur AbleTo, cliquez ici. Pour obtenir les derniers conseils, outils et meilleures pratiques en mati\u00e8re d'embauche d'\u00e9tudiants et de dipl\u00f4m\u00e9s handicap\u00e9s, veuillez envoyer un courriel \u00e0 DCO@carleton.ca. <a href=\"https:\/\/ableto.ca\">here<\/a>. For the latest tips, tools and best practices on hiring students and graduates with disabilities, please email <a href=\"mailto:DCO@carleton.ca\">DCO@carleton.ca<\/a>.<\/p>\n<\/div><\/div><\/div><\/div><\/div><\/div><\/section><section class=\"l-section wpb_row height_medium\" id=\"second-row\"><div class=\"l-section-h i-cf\"><div class=\"g-cols vc_row via_grid cols_2 laptops-cols_inherit tablets-cols_inherit mobiles-cols_1 valign_top type_default stacking_default\"><div class=\"wpb_column vc_column_container us_custom_d1015491\"><div class=\"vc_column-inner\"><div class=\"wpb_text_column us_custom_f029a2ba\"><div class=\"wpb_wrapper\"><p>Notre travail nous permet de d\u00e9couvrir des connaissances, de d\u00e9velopper des programmes et de sensibiliser le public. Ce faisant, nous voulons aider les employeurs \u00e0 devenir plus inclusifs tout en renfor\u00e7ant leurs activit\u00e9s, et aider les \u00e9tudiants handicap\u00e9s \u00e0 trouver un emploi int\u00e9ressant alors qu'ils s'engagent sur la voie de carri\u00e8res \u00e9panouissantes. Notre objectif ultime est de combler le foss\u00e9 qui existe en mati\u00e8re d'emploi entre les \u00e9tudiants handicap\u00e9s et leurs pairs non handicap\u00e9s.<\/p>\n<\/div><\/div><div class=\"wpb_text_column us_custom_72fc42ef\"><div class=\"wpb_wrapper\"><p><a href=\"https:\/\/carleton.ca\/read\/\">READ<\/a> a \u00e9t\u00e9 fond\u00e9e en 2012 par deux champions de longue date de l\u2019accessibilit\u00e9 \u00e0 Carleton : Larry McCloskey, fondateur du Paul Menton Centre for Students with Disabilities, et Dean Mellway, trois fois m\u00e9daill\u00e9 paralympique. Depuis, READ travaille avec des partenaires du campus et de la communaut\u00e9 pour soutenir des activit\u00e9s ayant men\u00e9 \u00e0 une plus grande accessibilit\u00e9 pour les \u00e9tudiants en situation de handicap.<\/p>\n<\/div><\/div><\/div><\/div><div class=\"wpb_column vc_column_container us_custom_15bea561\"><div class=\"vc_column-inner\"><div class=\"wpb_text_column us_custom_f029a2ba\" id=\"ReadClass\"><div class=\"wpb_wrapper\"><h2 title=\"\"><strong>Lanc\u00e9e en 2018, l\u2019Initiative David C. Onley est un produit de l\u2019Initiative READ de l\u2019Universit\u00e9 Carleton. READ signifie Recherche, \u00c9ducation, Accessibilit\u00e9 et Design.<\/strong><\/h2>\n<\/div><\/div><div class=\"wpb_text_column\" id=\"ConditionalID\"><div class=\"wpb_wrapper\"><p>Forts d\u2019un partenariat entre les quatre \u00e9tablissements postsecondaires de notre ville, nous croyons en la collaboration. Nous travaillons avec les employeurs, organismes, \u00e9coles secondaires et \u00e9tablissements postsecondaires pour partager des connaissances et des outils, et sensibiliser les gens aux obstacles qui emp\u00eachent de nombreux \u00e9tudiants en situation de handicap de trouver un emploi int\u00e9ressant.<\/p>\n<\/div><\/div><div class=\"w-grid type_grid layout_11356 cols_5 valign_center\" id=\"us_grid_1\" data-filterable=\"true\"><style>@media (max-width:1380px){#us_grid_1 .w-grid-item{width:25%}}@media (max-width:1024px){#us_grid_1 .w-grid-item{width:33.3333%}}@media (max-width:600px){#us_grid_1 .w-grid-item{width:50%}}.layout_11356 .w-grid-item-h{}.layout_11356 .usg_post_image_1{transition-duration:0.3s;transform-origin:50% 50%;transform:scale(1) translate(0%,0%);opacity:0.66}.layout_11356 .w-grid-item-h:hover .usg_post_image_1{transform:scale(1) translate(0%,0%);opacity:1}.layout_11356 .usg_post_image_1{border-radius:0.3rem!important}<\/style><div class=\"w-grid-list\">\t<article class=\"w-grid-item size_1x1 post-692 attachment type-attachment status-inherit hentry\" data-id=\"692\">\n\t\t<div class=\"w-grid-item-h\">\n\t\t\t\t\t\t<div class=\"w-post-elm post_image usg_post_image_1\"><a target=\"_blank\" rel=\"nofollow\" href=\"http:\/\/carleton.ca\/\" aria-label=\"CarletonWide_K_186\"><img loading=\"lazy\" decoding=\"async\" width=\"300\" height=\"75\" src=\"https:\/\/onleyinitiative.ca\/wp-content\/uploads\/2019\/07\/CarletonWide_K_186-300x75.png\" class=\"attachment-medium size-medium\" alt=\"Carleton University\" srcset=\"https:\/\/onleyinitiative.ca\/wp-content\/uploads\/2019\/07\/CarletonWide_K_186-300x75.png 300w, https:\/\/onleyinitiative.ca\/wp-content\/uploads\/2019\/07\/CarletonWide_K_186.png 443w\" sizes=\"auto, (max-width: 300px) 100vw, 300px\" \/><\/a><\/div>\t\t<\/div>\n\t<\/article>\n\t<article class=\"w-grid-item size_1x1 post-653 attachment type-attachment status-inherit hentry\" data-id=\"653\">\n\t\t<div class=\"w-grid-item-h\">\n\t\t\t\t\t\t<div class=\"w-post-elm post_image usg_post_image_1\"><a target=\"_blank\" rel=\"nofollow\" href=\"https:\/\/www.ontario.ca\/\" aria-label=\"Ontario\"><img loading=\"lazy\" decoding=\"async\" width=\"300\" height=\"73\" src=\"https:\/\/onleyinitiative.ca\/wp-content\/uploads\/2019\/07\/Ontario-300x73.png\" class=\"attachment-medium size-medium\" alt=\"Ontario\" srcset=\"https:\/\/onleyinitiative.ca\/wp-content\/uploads\/2019\/07\/Ontario-300x73.png 300w, https:\/\/onleyinitiative.ca\/wp-content\/uploads\/2019\/07\/Ontario.png 724w\" sizes=\"auto, (max-width: 300px) 100vw, 300px\" \/><\/a><\/div>\t\t<\/div>\n\t<\/article>\n\t<article class=\"w-grid-item size_1x1 post-569 attachment type-attachment status-inherit hentry\" data-id=\"569\">\n\t\t<div class=\"w-grid-item-h\">\n\t\t\t\t\t\t<div class=\"w-post-elm post_image usg_post_image_1\"><a target=\"_blank\" rel=\"nofollow\" href=\"http:\/\/uottawa.ca\/\" aria-label=\"u-ottawa\"><img loading=\"lazy\" decoding=\"async\" width=\"300\" height=\"110\" src=\"https:\/\/onleyinitiative.ca\/wp-content\/uploads\/2019\/06\/u-ottawa-300x110.png\" class=\"attachment-medium size-medium\" alt=\"University of Ottawa logo\" srcset=\"https:\/\/onleyinitiative.ca\/wp-content\/uploads\/2019\/06\/u-ottawa-300x110.png 300w, https:\/\/onleyinitiative.ca\/wp-content\/uploads\/2019\/06\/u-ottawa-1024x374.png 1024w, https:\/\/onleyinitiative.ca\/wp-content\/uploads\/2019\/06\/u-ottawa.png 1095w\" sizes=\"auto, (max-width: 300px) 100vw, 300px\" \/><\/a><\/div>\t\t<\/div>\n\t<\/article>\n\t<article class=\"w-grid-item size_1x1 post-475 attachment type-attachment status-inherit hentry\" data-id=\"475\">\n\t\t<div class=\"w-grid-item-h\">\n\t\t\t\t\t\t<div class=\"w-post-elm post_image usg_post_image_1\"><a target=\"_blank\" rel=\"nofollow\" href=\"http:\/\/collegelacite.ca\/\" aria-label=\"la-cite\"><img loading=\"lazy\" decoding=\"async\" width=\"170\" height=\"68\" src=\"https:\/\/onleyinitiative.ca\/wp-content\/uploads\/2019\/05\/la-cite.png\" class=\"attachment-medium size-medium\" alt=\"La Cit\u00e9 logo\" \/><\/a><\/div>\t\t<\/div>\n\t<\/article>\n\t<article class=\"w-grid-item size_1x1 post-473 attachment type-attachment status-inherit hentry\" data-id=\"473\">\n\t\t<div class=\"w-grid-item-h\">\n\t\t\t\t\t\t<div class=\"w-post-elm post_image usg_post_image_1\"><a target=\"_blank\" rel=\"nofollow\" href=\"http:\/\/algonquincollege.com\/\" aria-label=\"algonquin\"><img loading=\"lazy\" decoding=\"async\" width=\"220\" height=\"47\" src=\"https:\/\/onleyinitiative.ca\/wp-content\/uploads\/2019\/05\/algonquin.png\" class=\"attachment-medium size-medium\" alt=\"Algonquin College logo\" \/><\/a><\/div>\t\t<\/div>\n\t<\/article>\n<\/div><div class=\"w-grid-preloader\"><div class=\"g-preloader type_1\">\n\t<div><\/div>\n<\/div>\n<\/div>\t<div class=\"w-grid-json hidden\" onclick='return {&quot;action&quot;:&quot;us_ajax_grid&quot;,&quot;ajax_url&quot;:&quot;https:\\\/\\\/onleyinitiative.ca\\\/wp-admin\\\/admin-ajax.php&quot;,&quot;infinite_scroll&quot;:0,&quot;max_num_pages&quot;:1,&quot;pagination&quot;:&quot;none&quot;,&quot;permalink_url&quot;:&quot;https:\\\/\\\/onleyinitiative.ca\\\/fr\\\/wp-json\\\/wp\\\/v2\\\/pages\\\/20&quot;,&quot;template_vars&quot;:{&quot;columns&quot;:&quot;5&quot;,&quot;exclude_items&quot;:&quot;none&quot;,&quot;img_size&quot;:&quot;medium&quot;,&quot;ignore_items_size&quot;:0,&quot;items_layout&quot;:&quot;11356&quot;,&quot;items_offset&quot;:&quot;1&quot;,&quot;load_animation&quot;:&quot;none&quot;,&quot;overriding_link&quot;:&quot;{\\&quot;url\\&quot;:\\&quot;\\&quot;}&quot;,&quot;post_id&quot;:0,&quot;query_args&quot;:{&quot;post_type&quot;:[&quot;attachment&quot;],&quot;post__in&quot;:[&quot;473&quot;,&quot;692&quot;,&quot;475&quot;,&quot;569&quot;,&quot;653&quot;],&quot;post_status&quot;:&quot;inherit&quot;,&quot;post_mime_type&quot;:&quot;image&quot;,&quot;posts_per_page&quot;:999},&quot;orderby_query_args&quot;:{&quot;orderby&quot;:{&quot;date&quot;:&quot;DESC&quot;}},&quot;type&quot;:&quot;grid&quot;,&quot;us_grid_ajax_index&quot;:1,&quot;us_grid_filter_params&quot;:null,&quot;us_grid_index&quot;:1,&quot;_us_grid_post_type&quot;:&quot;attachment&quot;,&quot;page_args&quot;:[]}}'><\/div>\n\t<\/div><\/div><\/div><\/div><\/div><\/section><section class=\"l-section wpb_row height_medium\"><div class=\"l-section-h i-cf\"><div class=\"g-cols vc_row via_grid cols_1 laptops-cols_inherit tablets-cols_inherit mobiles-cols_1 valign_top type_default stacking_default\"><div class=\"wpb_column vc_column_container\"><div class=\"vc_column-inner\"><div class=\"wpb_text_column\" id=\"videoen\"><div class=\"wpb_wrapper\"><div id=\"vdone\" class=\"iframebox\" style=\"display: none;\"><iframe loading=\"lazy\" src=\"https:\/\/www.youtube.com\/embed\/hHvJ2u6fA4E?rel=0\" width=\"800\" height=\"400\" frameborder=\"0\" allowfullscreen=\"allowfullscreen\"><\/iframe><\/div>\n<\/div><\/div><div class=\"wpb_text_column\" id=\"videofr\"><div class=\"wpb_wrapper\"><div id=\"vdtwo\" class=\"iframebox\" style=\"display: none;\"><iframe loading=\"lazy\" src=\"https:\/\/www.youtube.com\/embed\/YABa0q5FxHU?rel=0\" width=\"800\" height=\"400\" frameborder=\"0\" allowfullscreen=\"allowfullscreen\"><\/iframe><\/div>\n<\/div><\/div><\/div><\/div><\/div><\/div><\/section><section class=\"l-section wpb_row height_medium\" id=\"third-row\"><div class=\"l-section-overlay\" style=\"background:#fbca0b\"><\/div><div class=\"l-section-h i-cf\"><div class=\"g-cols vc_row via_grid cols_2 laptops-cols_inherit tablets-cols_inherit mobiles-cols_1 valign_top type_default stacking_default\"><div class=\"wpb_column vc_column_container us_custom_85734035\"><div class=\"vc_column-inner\"><div class=\"wpb_text_column\"><div class=\"wpb_wrapper\"><h2><strong>Rejoigneznous donc. Que vous soyez un employeur, une personne en situation de handicap ou une organisation souhaitant travailler avec nous, nous aimerions vous conna\u00eetre.<\/strong><\/h2>\n<\/div><\/div><\/div><\/div><div class=\"wpb_column vc_column_container\"><div class=\"vc_column-inner\"><div class=\"w-btn-wrapper align_none\"><a class=\"w-btn us-btn-style_3 us_custom_80a192e9 btn-touch\" title=\"Contact\" href=\"https:\/\/onleyinitiative.ca\/fr\/contact\/\"><span class=\"w-btn-label\">Entrer en contact<\/span><\/a><\/div><div class=\"w-separator us_custom_814a3152 middle-sep has_text_color size_medium with_line width_default thick_2 style_solid color_border align_center\"><div class=\"w-separator-h\"><\/div><\/div><\/div><\/div><\/div><\/div><\/section><section class=\"l-section wpb_row height_medium\" id=\"forth-row\"><div class=\"l-section-overlay\" style=\"background:#ebebeb\"><\/div><div class=\"l-section-h i-cf\"><div class=\"g-cols vc_row via_grid cols_1 laptops-cols_inherit tablets-cols_inherit mobiles-cols_1 valign_top type_default stacking_default\"><div class=\"wpb_column vc_column_container us_custom_7a5305c6 right-col\"><div class=\"vc_column-inner\"><div class=\"w-image back-col home-img align_left\"><div class=\"w-image-h\"><img loading=\"lazy\" decoding=\"async\" width=\"1024\" height=\"684\" src=\"https:\/\/onleyinitiative.ca\/wp-content\/uploads\/2019\/05\/Stocksy_txp8c43301cQwI200_OriginalDelivery_1855987-1024x684.jpg\" class=\"attachment-large size-large\" alt=\"A young woman in an office setting working at a computer.\" srcset=\"https:\/\/onleyinitiative.ca\/wp-content\/uploads\/2019\/05\/Stocksy_txp8c43301cQwI200_OriginalDelivery_1855987-1024x684.jpg 1024w, https:\/\/onleyinitiative.ca\/wp-content\/uploads\/2019\/05\/Stocksy_txp8c43301cQwI200_OriginalDelivery_1855987-300x200.jpg 300w\" sizes=\"auto, (max-width: 1024px) 100vw, 1024px\" \/><\/div><\/div><div class=\"wpb_text_column\"><div class=\"wpb_wrapper\"><h2><strong>Nous employons dans notre travail quelques termes cl\u00e9s qu\u2019il peut \u00eatre utile de prendre en consid\u00e9ration \u00e0 mesure que vous en apprendrez davantage sur nous.<\/strong><\/h2>\n<\/div><\/div><\/div><\/div><\/div><\/div><\/section><section class=\"l-section wpb_row height_medium\" id=\"fifth-row\"><div class=\"l-section-overlay\" style=\"background:#ebebeb\"><\/div><div class=\"l-section-h i-cf\"><div class=\"g-cols vc_row via_grid cols_3 laptops-cols_inherit tablets-cols_inherit mobiles-cols_1 valign_top type_default stacking_default\"><div class=\"wpb_column vc_column_container\"><div class=\"vc_column-inner\"><div class=\"wpb_text_column\"><div class=\"wpb_wrapper\"><p><em>Les cheminements vers l\u2019emploi<\/em> sont les voies que suivent les \u00e9tudiants pour trouver un emploi et une carri\u00e8re int\u00e9ressants. Il peut s\u2019agir, par exemple, de programmes coop\u00e9ratifs, de stages, d\u2019emplois d\u2019\u00e9t\u00e9 et d\u2019emplois \u00e0 temps partiel.<\/p>\n<\/div><\/div><\/div><\/div><div class=\"wpb_column vc_column_container\"><div class=\"vc_column-inner\"><div class=\"wpb_text_column\"><div class=\"wpb_wrapper\"><p><em>L\u2019\u00e9cart d\u2019emploi<\/em> correspond \u00e0 la diff\u00e9rence entre le pourcentage d\u2019\u00e9tudiants en situation de handicap qui r\u00e9ussissent \u00e0 trouver un emploi int\u00e9ressant \u00e0 la fin de leurs \u00e9tudes postsecondaires et le pourcentage beaucoup plus \u00e9lev\u00e9 d\u2019\u00e9tudiants non en situation de handicap qui parviennent \u00e0 en trouver un apr\u00e8s l\u2019obtention du dipl\u00f4me.<\/p>\n<\/div><\/div><\/div><\/div><div class=\"wpb_column vc_column_container\"><div class=\"vc_column-inner\"><div class=\"wpb_text_column\"><div class=\"wpb_wrapper\"><p><em>Un handicap non visible<\/em> est un \u00e9tat physique ou mental qui limite les mouvements, les sens ou les activit\u00e9s d\u2019une personne mais qui n\u2019est pas imm\u00e9diatement visible comme, par exemple, un handicap auditif, une douleur chronique, un trouble du sommeil ou une maladie mentale comme la d\u00e9pression.<\/p>\n<\/div><\/div><\/div><\/div><\/div><\/div><\/section>","protected":false},"excerpt":{"rendered":"","protected":false},"author":11,"featured_media":0,"parent":0,"menu_order":0,"comment_status":"closed","ping_status":"closed","template":"","meta":{"footnotes":""},"categories":[],"tags":[],"class_list":["post-20","page","type-page","status-publish","hentry"],"_links":{"self":[{"href":"https:\/\/onleyinitiative.ca\/fr\/wp-json\/wp\/v2\/pages\/20","targetHints":{"allow":["GET"]}}],"collection":[{"href":"https:\/\/onleyinitiative.ca\/fr\/wp-json\/wp\/v2\/pages"}],"about":[{"href":"https:\/\/onleyinitiative.ca\/fr\/wp-json\/wp\/v2\/types\/page"}],"author":[{"embeddable":true,"href":"https:\/\/onleyinitiative.ca\/fr\/wp-json\/wp\/v2\/users\/11"}],"replies":[{"embeddable":true,"href":"https:\/\/onleyinitiative.ca\/fr\/wp-json\/wp\/v2\/comments?post=20"}],"version-history":[{"count":138,"href":"https:\/\/onleyinitiative.ca\/fr\/wp-json\/wp\/v2\/pages\/20\/revisions"}],"predecessor-version":[{"id":11377,"href":"https:\/\/onleyinitiative.ca\/fr\/wp-json\/wp\/v2\/pages\/20\/revisions\/11377"}],"wp:attachment":[{"href":"https:\/\/onleyinitiative.ca\/fr\/wp-json\/wp\/v2\/media?parent=20"}],"wp:term":[{"taxonomy":"category","embeddable":true,"href":"https:\/\/onleyinitiative.ca\/fr\/wp-json\/wp\/v2\/categories?post=20"},{"taxonomy":"post_tag","embeddable":true,"href":"https:\/\/onleyinitiative.ca\/fr\/wp-json\/wp\/v2\/tags?post=20"}],"curies":[{"name":"wp","href":"https:\/\/api.w.org\/{rel}","templated":true}]}}