{"id":251,"date":"2019-04-19T05:37:31","date_gmt":"2019-04-19T05:37:31","guid":{"rendered":"http:\/\/doci.arcsqc.com\/?page_id=251"},"modified":"2023-11-20T21:47:23","modified_gmt":"2023-11-21T01:47:23","slug":"contact","status":"publish","type":"page","link":"https:\/\/onleyinitiative.ca\/fr\/contact\/","title":{"rendered":"Contact"},"content":{"rendered":"<section class=\"l-section wpb_row height_medium\"><div class=\"l-section-h i-cf\"><div class=\"g-cols vc_row via_grid cols_1 laptops-cols_inherit tablets-cols_inherit mobiles-cols_1 valign_top type_default stacking_default\"><div class=\"wpb_column vc_column_container\"><div class=\"vc_column-inner\"><\/div><\/div><\/div><\/div><\/section><section class=\"l-section wpb_row height_medium\"><div class=\"l-section-h i-cf\"><div class=\"g-cols vc_row via_grid cols_1 laptops-cols_inherit tablets-cols_inherit mobiles-cols_1 valign_top type_default stacking_default\"><div class=\"wpb_column vc_column_container\"><div class=\"vc_column-inner\"><div class=\"g-cols wpb_row via_grid cols_1 laptops-cols_inherit tablets-cols_inherit mobiles-cols_1 valign_top type_default stacking_default\" style=\"--gap:3rem;\"><div class=\"wpb_column vc_column_container\"><div class=\"vc_column-inner\"><h1 class=\"w-text\"><span class=\"w-text-h\"><span class=\"w-text-value\">Nous joindre<\/span><\/span><\/h1><\/div><\/div><\/div><div class=\"w-separator size_small\"><\/div><div class=\"g-cols wpb_row via_grid cols_2-3 laptops-cols_inherit tablets-cols_inherit mobiles-cols_1 valign_top type_default stacking_default\" style=\"--gap:3rem;\"><div class=\"wpb_column vc_column_container\"><div class=\"vc_column-inner\"><div class=\"wpb_text_column\"><div class=\"wpb_wrapper\"><p>N\u2019h\u00e9sitez pas \u00e0 nous poser des questions sur notre travail pass\u00e9 et actuel pour rendre l\u2019emploi des \u00e9tudiant(e)s et des dipl\u00f4m\u00e9(e)s en situation de handicap plus accessible et plus inclusif.<\/p>\n<\/div><\/div><\/div><\/div><div class=\"wpb_column vc_column_container\"><div class=\"vc_column-inner\"><div class=\"w-iconbox us_custom_1e0e9307 iconpos_left style_default color_contrast align_left no_text\"><a rel=\"nofollow\" href=\"mailto:accessibility.institute@carleton.ca\" class=\"w-iconbox-link\" aria-label=\"accessibility.institute@carleton.ca\"><div class=\"w-iconbox-icon\" style=\"font-size:20px;\"><i class=\"fal fa-envelope\"><\/i><\/div><\/a><div class=\"w-iconbox-meta\"><a rel=\"nofollow\" href=\"mailto:accessibility.institute@carleton.ca\" class=\"w-iconbox-link\" aria-label=\"accessibility.institute@carleton.ca\"><div class=\"w-iconbox-title\">accessibility.institute@carleton.ca<\/div><\/a><\/div><\/div><div class=\"w-separator size_custom\" style=\"height:1rem\"><\/div><div class=\"w-iconbox iconpos_left style_default color_contrast align_left no_text\"><a href=\"tel:613-520-2600 x 7323\" class=\"w-iconbox-link\" aria-label=\"613-520-2600 x 7323\"><div class=\"w-iconbox-icon\" style=\"font-size:20px;\"><i class=\"fal fa-phone\"><\/i><\/div><\/a><div class=\"w-iconbox-meta\"><a href=\"tel:613-520-2600 x 7323\" class=\"w-iconbox-link\" aria-label=\"613-520-2600 x 7323\"><div class=\"w-iconbox-title\">613-520-2600 x 7323<\/div><\/a><\/div><\/div><div class=\"w-separator size_custom\" style=\"height:1rem\"><\/div><div class=\"w-iconbox iconpos_left style_default color_contrast align_left no_title\"><div class=\"w-iconbox-icon\" style=\"font-size:20px;\"><i class=\"fal fa-edit\"><\/i><\/div><div class=\"w-iconbox-meta\"><div class=\"w-iconbox-text\"><p>l\u2019Institut de l\u2019accessibilit\u00e9<\/p>\n<\/div><\/div><\/div><div class=\"w-iconbox iconpos_left style_default color_contrast align_left no_title\"><div class=\"w-iconbox-icon\" style=\"font-size:20px;\"><\/div><div class=\"w-iconbox-meta\"><div class=\"w-iconbox-text\"><p>Carleton Technology and Training Centre, bureau 3500<br \/>Universit\u00e9 Carleton<br \/>1125, promenade Colonel By<br \/>Ottawa (Ontario) K1S 5B6<\/p>\n<\/div><\/div><\/div><\/div><\/div><\/div><div class=\"w-separator size_huge\"><\/div><\/div><\/div><\/div><\/div><\/section>","protected":false},"excerpt":{"rendered":"Contact UsAsk us anything about our past and current work to make employment for students and graduates with disabilities more accessible and inclusive. accessibility.institute@carleton.ca613-520-2600 x 7323Accessibility Institute 3500 Carleton Technology and Training CentreCarleton University1125 Colonel By DriveOttawa, Ontario K1S 5B6","protected":false},"author":11,"featured_media":0,"parent":0,"menu_order":0,"comment_status":"closed","ping_status":"closed","template":"","meta":{"footnotes":""},"categories":[],"tags":[],"class_list":["post-251","page","type-page","status-publish","hentry"],"_links":{"self":[{"href":"https:\/\/onleyinitiative.ca\/fr\/wp-json\/wp\/v2\/pages\/251","targetHints":{"allow":["GET"]}}],"collection":[{"href":"https:\/\/onleyinitiative.ca\/fr\/wp-json\/wp\/v2\/pages"}],"about":[{"href":"https:\/\/onleyinitiative.ca\/fr\/wp-json\/wp\/v2\/types\/page"}],"author":[{"embeddable":true,"href":"https:\/\/onleyinitiative.ca\/fr\/wp-json\/wp\/v2\/users\/11"}],"replies":[{"embeddable":true,"href":"https:\/\/onleyinitiative.ca\/fr\/wp-json\/wp\/v2\/comments?post=251"}],"version-history":[{"count":33,"href":"https:\/\/onleyinitiative.ca\/fr\/wp-json\/wp\/v2\/pages\/251\/revisions"}],"predecessor-version":[{"id":11645,"href":"https:\/\/onleyinitiative.ca\/fr\/wp-json\/wp\/v2\/pages\/251\/revisions\/11645"}],"wp:attachment":[{"href":"https:\/\/onleyinitiative.ca\/fr\/wp-json\/wp\/v2\/media?parent=251"}],"wp:term":[{"taxonomy":"category","embeddable":true,"href":"https:\/\/onleyinitiative.ca\/fr\/wp-json\/wp\/v2\/categories?post=251"},{"taxonomy":"post_tag","embeddable":true,"href":"https:\/\/onleyinitiative.ca\/fr\/wp-json\/wp\/v2\/tags?post=251"}],"curies":[{"name":"wp","href":"https:\/\/api.w.org\/{rel}","templated":true}]}}