{"id":26,"date":"2019-04-04T09:57:30","date_gmt":"2019-04-04T09:57:30","guid":{"rendered":"http:\/\/doci.arcsqc.com\/?page_id=26"},"modified":"2023-10-27T15:14:45","modified_gmt":"2023-10-27T19:14:45","slug":"strategic-goals","status":"publish","type":"page","link":"https:\/\/onleyinitiative.ca\/fr\/strategic-goals\/","title":{"rendered":"Objectifs strat\u00e9giques"},"content":{"rendered":"<section class=\"l-section wpb_row top-strategic height_medium\" id=\"top-banner\"><div class=\"l-section-overlay\" style=\"background:rgba(123,138,163,0.5)\"><\/div><div class=\"l-section-h i-cf\"><div class=\"g-cols vc_row via_grid cols_1 laptops-cols_inherit tablets-cols_inherit mobiles-cols_1 valign_top type_default stacking_default\"><div class=\"wpb_column vc_column_container\"><div class=\"vc_column-inner\"><div class=\"wpb_text_column us_custom_3fb4e952\"><div class=\"wpb_wrapper\"><h1 title=\"L\u2019Initiative David C. Onley\"><strong>L\u2019Initiative David C. Onley<\/strong><\/h1>\n<h2 title=\"Objectifs strat\u00e9giques\"><strong>Objectifs strat\u00e9giques<\/strong><\/h2>\n<p>&nbsp;<\/p>\n<\/div><\/div><div class=\"w-image banner-img strategic-img style_shadow-1 align_right\"><div class=\"w-image-h\"><img loading=\"lazy\" decoding=\"async\" width=\"1024\" height=\"683\" src=\"https:\/\/onleyinitiative.ca\/wp-content\/uploads\/2019\/06\/iStock-1131985907-1024x683.jpg\" class=\"attachment-large size-large\" alt=\"A group of young people at work. A young woman in a wheelchair looks at a glass board with notes in foreground.\" srcset=\"https:\/\/onleyinitiative.ca\/wp-content\/uploads\/2019\/06\/iStock-1131985907-1024x683.jpg 1024w, https:\/\/onleyinitiative.ca\/wp-content\/uploads\/2019\/06\/iStock-1131985907-300x200.jpg 300w\" sizes=\"auto, (max-width: 1024px) 100vw, 1024px\" \/><\/div><\/div><\/div><\/div><\/div><\/div><\/section><section class=\"l-section wpb_row height_medium\" id=\"purple-back\"><div class=\"l-section-overlay\" style=\"background:#201042\"><\/div><div class=\"l-section-h i-cf\"><div class=\"g-cols vc_row via_grid cols_1 laptops-cols_inherit tablets-cols_inherit mobiles-cols_1 valign_top type_default stacking_default\"><div class=\"wpb_column vc_column_container\"><div class=\"vc_column-inner\"><div class=\"g-cols wpb_row via_grid cols_1 laptops-cols_inherit tablets-cols_inherit mobiles-cols_1 valign_top type_default stacking_default\" style=\"--gap:3rem;\"><div class=\"wpb_column vc_column_container purple-inner\"><div class=\"vc_column-inner\"><div class=\"wpb_text_column\"><div class=\"wpb_wrapper\"><h2><strong>Nous concentrons nos efforts sur l\u2019atteinte des r\u00e9sultats suivants \u00e0 long terme\u00a0:<\/strong><\/h2>\n<\/div><\/div><\/div><\/div><\/div><\/div><\/div><\/div><\/div><\/section><section class=\"l-section wpb_row height_medium\" id=\"forth-row\"><div class=\"l-section-h i-cf\"><div class=\"g-cols vc_row via_grid cols_1 laptops-cols_inherit tablets-cols_inherit mobiles-cols_1 valign_top type_default stacking_default\"><div class=\"wpb_column vc_column_container\"><div class=\"vc_column-inner\"><div class=\"g-cols wpb_row via_grid cols_2 laptops-cols_inherit tablets-cols_inherit mobiles-cols_1 valign_top type_default stacking_default\" style=\"--gap:3rem;\"><div class=\"wpb_column vc_column_container us_custom_6ccb385f\"><div class=\"vc_column-inner\"><div class=\"wpb_text_column\"><div class=\"wpb_wrapper\"><h3><strong>Aider les \u00e9tudiants \u00e0 r\u00e9ussir sur le plan de l\u2019emploi<br \/>\net de la carri\u00e8re.<\/strong><\/h3>\n<p>Nous \u00e9laborerons des programmes et commanditerons des recherches qui favorisent une plus grande r\u00e9ussite \u00e0 l\u2019emploi des \u00e9tudiants et des dipl\u00f4m\u00e9s en situation de handicap tout en aidant les employeurs \u00e0 apporter des changements inclusifs qui profiteront \u00e9galement \u00e0 leurs entreprises.<\/p>\n<\/div><\/div><\/div><\/div><div class=\"wpb_column vc_column_container us_custom_a874c9af\"><div class=\"vc_column-inner\"><div class=\"wpb_text_column\"><div class=\"wpb_wrapper\"><h3><strong>\u00catre un partenaire de confiance.<\/strong><\/h3>\n<p>Nous travaillerons et collaborerons activement avec les employeurs, les organismes, les \u00e9coles secondaires et les \u00e9tablissements d\u2019enseignement postsecondaire pour approfondir les connaissances, diffuser notre message et combler l\u2019\u00e9cart d\u2019emploi qui existe entre les \u00e9tudiants en situation de handicap et leurs pairs sans handicap.<\/p>\n<\/div><\/div><\/div><\/div><\/div><div class=\"g-cols wpb_row via_grid cols_2 laptops-cols_inherit tablets-cols_inherit mobiles-cols_1 valign_top type_default stacking_default\" style=\"--gap:3rem;\"><div class=\"wpb_column vc_column_container us_custom_6ccb385f\"><div class=\"vc_column-inner\"><div class=\"wpb_text_column\"><div class=\"wpb_wrapper\"><h3><strong>Accro\u00eetre le soutien aux \u00e9tudiants.<\/strong><\/h3>\n<p>Nous fournirons de plus en plus de soutien aux \u00e9tudiants en situation de handicap au fur et \u00e0 mesure qu\u2019ils cheminent vers le march\u00e9 du travail et la r\u00e9ussite \u00e0 l\u2019emploi. Nous le ferons en collaboration avec les bureaux de carri\u00e8re et de services aux personnes en situation de handicap de l\u2019Universit\u00e9 Carleton, de l\u2019Universit\u00e9 d\u2019Ottawa, de La Cit\u00e9 et du Coll\u00e8ge Algonquin.<\/p>\n<\/div><\/div><\/div><\/div><div class=\"wpb_column vc_column_container us_custom_a874c9af\"><div class=\"vc_column-inner\"><div class=\"wpb_text_column\"><div class=\"wpb_wrapper\"><h3><strong>Sensibiliser le public.<\/strong><\/h3>\n<p>Nous communiquerons directement avec les employeurs et leur fournirons les renseignements et les outils n\u00e9cessaires pour apporter des changements r\u00e9els \u00e0 leurs pratiques de recrutement et d\u2019embauche. Nous permettrons \u00e9galement aux gens de mieux comprendre les mythes et autres obstacles qui emp\u00eachent les \u00e9tudiants en situation de handicap de cheminer vers un emploi int\u00e9ressant.<\/p>\n<\/div><\/div><\/div><\/div><\/div><div class=\"g-cols wpb_row via_grid cols_2 laptops-cols_inherit tablets-cols_inherit mobiles-cols_1 valign_top type_default stacking_default\" style=\"--gap:3rem;\"><div class=\"wpb_column vc_column_container us_custom_6ccb385f\"><div class=\"vc_column-inner\"><div class=\"wpb_text_column\"><div class=\"wpb_wrapper\"><h3><strong>Diffuser les connaissances \u00e0 grande \u00e9chelle.<\/strong><\/h3>\n<p>Nous partagerons nos connaissances, nos ressources, les r\u00e9sultats de nos recherches, nos pratiques exemplaires et nos outils ax\u00e9s sur des donn\u00e9es probantes avec les employeurs et les \u00e9tablissements postsecondaires de toute la province.<\/p>\n<\/div><\/div><\/div><\/div><div class=\"wpb_column vc_column_container us_custom_a874c9af\"><div class=\"vc_column-inner\"><div class=\"wpb_text_column\"><div class=\"wpb_wrapper\"><h3><strong>Demeurer pertinent.<\/strong><\/h3>\n<p>Nous cr\u00e9erons nos programmes, nos services, nos activit\u00e9s de recherche, nos strat\u00e9gies de financement et nos outils de mesure du rendement de sorte qu\u2019ils puissent perdurer et prosp\u00e9rer au del\u00e0 de la dur\u00e9e de notre initiative.<\/p>\n<\/div><\/div><\/div><\/div><\/div><\/div><\/div><\/div><\/div><\/section>","protected":false},"excerpt":{"rendered":"David C. Onley Initiative Strategic Goals &nbsp; We focus on achieving the following long-term results: Help students achieve employment and career success. We are developing programs and sponsoring research that lead to greater employment success for students and graduates with disabilities while helping employers make inclusive changes that also benefit their businesses. Be a trusted...","protected":false},"author":1,"featured_media":0,"parent":0,"menu_order":0,"comment_status":"closed","ping_status":"closed","template":"","meta":{"footnotes":""},"categories":[],"tags":[],"class_list":["post-26","page","type-page","status-publish","hentry"],"_links":{"self":[{"href":"https:\/\/onleyinitiative.ca\/fr\/wp-json\/wp\/v2\/pages\/26","targetHints":{"allow":["GET"]}}],"collection":[{"href":"https:\/\/onleyinitiative.ca\/fr\/wp-json\/wp\/v2\/pages"}],"about":[{"href":"https:\/\/onleyinitiative.ca\/fr\/wp-json\/wp\/v2\/types\/page"}],"author":[{"embeddable":true,"href":"https:\/\/onleyinitiative.ca\/fr\/wp-json\/wp\/v2\/users\/1"}],"replies":[{"embeddable":true,"href":"https:\/\/onleyinitiative.ca\/fr\/wp-json\/wp\/v2\/comments?post=26"}],"version-history":[{"count":61,"href":"https:\/\/onleyinitiative.ca\/fr\/wp-json\/wp\/v2\/pages\/26\/revisions"}],"predecessor-version":[{"id":11629,"href":"https:\/\/onleyinitiative.ca\/fr\/wp-json\/wp\/v2\/pages\/26\/revisions\/11629"}],"wp:attachment":[{"href":"https:\/\/onleyinitiative.ca\/fr\/wp-json\/wp\/v2\/media?parent=26"}],"wp:term":[{"taxonomy":"category","embeddable":true,"href":"https:\/\/onleyinitiative.ca\/fr\/wp-json\/wp\/v2\/categories?post=26"},{"taxonomy":"post_tag","embeddable":true,"href":"https:\/\/onleyinitiative.ca\/fr\/wp-json\/wp\/v2\/tags?post=26"}],"curies":[{"name":"wp","href":"https:\/\/api.w.org\/{rel}","templated":true}]}}