{"id":318,"date":"2019-04-19T08:45:28","date_gmt":"2019-04-19T12:45:28","guid":{"rendered":"http:\/\/doci.arcsqc.com\/?page_id=318"},"modified":"2023-11-20T22:23:36","modified_gmt":"2023-11-21T02:23:36","slug":"career-kickstart-event","status":"publish","type":"page","link":"https:\/\/onleyinitiative.ca\/fr\/career-kickstart-event\/","title":{"rendered":"\u00c9v\u00e9nement D\u00e9marrez votre carri\u00e8re"},"content":{"rendered":"<section class=\"l-section wpb_row height_medium\" id=\"first-row\"><div class=\"l-section-overlay\" style=\"background:#f3f3f3\"><\/div><div class=\"l-section-h i-cf\"><div class=\"g-cols vc_row via_grid cols_1 laptops-cols_inherit tablets-cols_inherit mobiles-cols_1 valign_top type_default stacking_default\"><div class=\"wpb_column vc_column_container\"><div class=\"vc_column-inner\"><h1 style=\"text-align: center\" class=\"vc_custom_heading\" >Carri\u00e8re Kickstart! Parcours d'emploi pour les \u00e9tudiants des coll\u00e8ges et universit\u00e9s<\/h1><\/div><\/div><\/div><\/div><\/section><section class=\"l-section wpb_row height_medium\" id=\"second-row\"><div class=\"l-section-h i-cf\"><div class=\"g-cols vc_row via_grid cols_1 laptops-cols_inherit tablets-cols_inherit mobiles-cols_1 valign_top type_default stacking_default\"><div class=\"wpb_column vc_column_container\"><div class=\"vc_column-inner\"><div class=\"wpb_text_column\"><div class=\"wpb_wrapper\"><table class=\"table l-post__table\" role=\"presentation\">\n<tbody>\n<tr>\n<td class=\"table__left u-font-weight-m\">Quand:<\/td>\n<td class=\"table__right\">Mardi 30 avril 2019<\/td>\n<\/tr>\n<tr>\n<td class=\"table__left u-font-weight-m\">Temps:<\/td>\n<td class=\"table__right\">15h30 - 19h30<\/td>\n<\/tr>\n<tr>\n<td class=\"table__left u-font-weight-m\">l'emplacement:<\/td>\n<td class=\"table__right\">La Cite Collegiale, 801 Aviation Pkwy, Ottawa, ON K1K 4R3<\/td>\n<\/tr>\n<tr>\n<td class=\"table__left u-font-weight-m\">le Public:<\/td>\n<td class=\"table__right\">Alumni,\u00a0Carleton Community,\u00a0Current Students<\/td>\n<\/tr>\n<\/tbody>\n<\/table>\n<p class=\"c-bttn u-text-transform-u\"><a class=\"c-bttn__link\" href=\"https:\/\/www.eventbrite.ca\/e\/career-kickstart-employment-pathways-for-college-and-university-students-tickets-58013705555\">PLUS D'INFORMATION<\/a><\/p>\n<\/div><\/div><div class=\"w-separator size_medium\"><\/div><div class=\"wpb_text_column\"><div class=\"wpb_wrapper\"><h2><strong>Kickstart de carri\u00e8re<\/strong><\/h2>\n<p>Il est temps de lancer votre carri\u00e8re en apprenant plus sur les parcours d\u2019emploi disponibles sur votre campus. Assistez \u00e0 cet \u00e9v\u00e9nement en deux parties qui vous aidera \u00e0 tracer certains des grands chemins, parfois m\u00e9connus, qui existent pour vous en tant qu'\u00e9tudiant ou nouveau dipl\u00f4m\u00e9.<\/p>\n<p>Repr\u00e9sentant des \u00e9tudiants et des r\u00e9cents dipl\u00f4m\u00e9s d\u2019Algonquin, de Carleton, de La Cit\u00e9 et de l\u2019Universit\u00e9 d\u2019Ottawa, l\u2019initiative David C. Onley vous invite \u00e0 une soir\u00e9e con\u00e7ue pour vous aider \u00e0 explorer les nombreux cheminements de carri\u00e8re qui pourraient d\u00e9boucher sur des perspectives de carri\u00e8re int\u00e9ressantes tout en d\u00e9veloppant vos comp\u00e9tences. et enrichir vos exp\u00e9riences professionnelles.<\/p>\n<\/div><\/div><div class=\"w-separator size_medium\"><\/div><div class=\"wpb_text_column\"><div class=\"wpb_wrapper\"><p><strong><em>A l'air int\u00e9ressant?\u00a0<\/em>\u00a0 Voici ce que nous avons pr\u00e9vu:<\/strong><\/p>\n<h2><strong>Partie I: de 15h30 \u00e0 17h00 - D\u00ceNER KICKSTARTER DE CARRI\u00c8RE + TABLE RONDE<\/strong><\/h2>\n<ul>\n<li><strong>D\u00eener de lancement de votre carri\u00e8re<\/strong>\u00a0- Nous vous offrirons un d\u00eener pour c\u00e9l\u00e9brer la fin d\u2019une ann\u00e9e scolaire et d\u2019une saison d\u2019examens r\u00e9ussies.<\/li>\n<li><strong>Table ronde de partage d'\u00e9tudiants\u00a0<\/strong>- Nous donnerons \u00e0 tous les participants, \u00e0 leur convenance, la possibilit\u00e9 d\u2019\u00e9changer des id\u00e9es, d\u2019explorer leurs besoins en mati\u00e8re d\u2019emploi et d\u2019avoir acc\u00e8s aux services de soutien sur le campus. Quels que soient vos besoins en mati\u00e8re de carri\u00e8re et d\u2019emploi, dans un environnement s\u00fbr, confidentiel et inclusif.<\/li>\n<li><strong>Ressource de parcours personnalis\u00e9e<\/strong>\u00a0\u2013<strong>\u00a0<\/strong>Tous les participants recevront un outil pratique et personnalis\u00e9 con\u00e7u pour VOUS aider \u00e0 d\u00e9couvrir les opportunit\u00e9s qui s\u2019offrent \u00e0 vous de cr\u00e9er des parcours d\u2019emploi significatifs tout au long de votre parcours universitaire (travail \u00e0 temps partiel, postes d\u2019\u00e9t\u00e9, stages \/ stages, possibilit\u00e9s de recrutement de nouveaux dipl\u00f4m\u00e9s, comp\u00e9tences en entrepreneuriat).<\/li>\n<\/ul>\n<\/div><\/div><div class=\"w-separator size_medium\"><\/div><div class=\"wpb_text_column\"><div class=\"wpb_wrapper\"><h2><strong>Partie II: 17 h 00 \u00e0 19 h 30 - Lancez votre carri\u00e8re au salon de l'information du gouvernement<\/strong><\/h2>\n<ul>\n<li>\u00c9coutez des repr\u00e9sentants du plus important employeur d\u2019Ottawa, le gouvernement f\u00e9d\u00e9ral du Canada, \u00e9galement connu sous le nom de Commission de la fonction publique (CFP). Nous savons que naviguer dans le processus de candidature \u00e0 la CFP (FSWEP, programme de recrutement de nouveaux dipl\u00f4m\u00e9s, etc.) peut \u00eatre accablant, d\u00e9routant et compliqu\u00e9, mais cette session vous aidera \u00e0 naviguer dans le processus.<\/li>\n<li>C\u2019est la premi\u00e8re partie d\u2019un \u00e9v\u00e9nement en deux parties (le 2<sup>nd<\/sup>\u00a0la moiti\u00e9 aura lieu \u00e0 l'automne 2019), au cours de laquelle les recruteurs de l'enseignement postsecondaire de la CFP expliqueront les nombreuses possibilit\u00e9s de carri\u00e8re offertes aux \u00e9tudiants handicap\u00e9s. Ils partageront \u00e9galement ce que vous devez faire maintenant et comment vous pr\u00e9parer aux campagnes de recrutement de l'automne 2019.<\/li>\n<li>La soir\u00e9e se terminera par une pr\u00e9sentation en r\u00e9seau de la CFP, repr\u00e9sentant divers minist\u00e8res, au cours de laquelle vous pourrez participer \u00e0 des discussions en face \u00e0 face afin d\u2019explorer les possibilit\u00e9s d\u2019int\u00e9r\u00eat potentiel.<\/li>\n<\/ul>\n<\/div><\/div><div class=\"w-separator size_medium\"><\/div><div class=\"wpb_text_column\"><div class=\"wpb_wrapper\"><h2><em><strong>Avez vous dit<\/strong>\u00a0<strong>ENREGISTRE-MOI?!<\/strong><\/em><\/h2>\n<p>IMPRESSIONNANT!! Voici quelques informations suppl\u00e9mentaires que vous devez conna\u00eetre:<\/p>\n<ul>\n<li><strong>Enregistrer:<\/strong>\u00a0 Visite\u00a0<a href=\"https:\/\/www.eventbrite.ca\/e\/navigating-career-pathways-in-government-for-college-and-university-students-tickets-58013705555\">Pr\u00e9sentation des employeurs accessibles sur EventBrite<\/a>\u00a0et compl\u00e9tez votre inscription.<\/li>\n<li><strong>Date limite d'inscription:\u00a0<\/strong>Les inscriptions et les demandes d'h\u00e9bergement seront prises jusqu'au mercredi 24 avril.<sup>th<\/sup>\u00a0\u00e0 12 heures (midi)<\/li>\n<li><strong>Transport:\u00a0<\/strong>Nous savons qu\u2019il peut \u00eatre difficile de se rendre \u00e0 La Cite (si vous n\u2019\u00eates pas \u00e9tudiant \u00e0 La Cite); nous avons donc pr\u00e9vu un bus pour venir chercher les \u00e9tudiants de chaque \u00e9tablissement \u00e0 une heure donn\u00e9e. Notre lien Eventbrite aura plus de d\u00e9tails sur les horaires de d\u00e9part et d'arriv\u00e9e.<\/li>\n<li><strong>Traduction simultan\u00e9e:<\/strong>\u00a0Nous proposerons une traduction simultan\u00e9e de l'anglais au fran\u00e7ais et du fran\u00e7ais \u00e0 l'anglais pendant l'\u00e9v\u00e9nement.<\/li>\n<li><strong>H\u00e9bergement requis?<\/strong>\u00a0Si vous avez besoin de mesures d'adaptation sp\u00e9ciales, veuillez nous en informer et nous travaillerons avec vous pour veiller \u00e0 ce que vos besoins soient pris en compte (utilisation d'animaux d'assistance, de d\u00e9ficience visuelle \/ auditive, d'acc\u00e8s en fauteuil roulant \/ scooter, etc.) Visitez Eventbrite pour sp\u00e9cifier vos besoins ou contactez notre bureau \u00e0\u00a0<a href=\"mailto:dco@carleton.ca\">dco@carleton.ca<\/a>.<\/li>\n<\/ul>\n<p><strong>N'oubliez pas de vous inscrire aujourd'hui!<\/strong>\u00a0 Les places sont limit\u00e9es, ne manquez pas cette occasion.<\/p>\n<\/div><\/div><\/div><\/div><\/div><\/div><\/section><section class=\"l-section wpb_row height_medium\"><div class=\"l-section-h i-cf\"><div class=\"g-cols vc_row via_grid cols_1 laptops-cols_inherit tablets-cols_inherit mobiles-cols_1 valign_top type_default stacking_default\"><div class=\"wpb_column vc_column_container\"><div class=\"vc_column-inner\">\n\t<div class=\"wpb_raw_code wpb_content_element wpb_raw_html\" >\n\t\t<div class=\"wpb_wrapper\">\n\t\t\t<iframe loading=\"lazy\" src=\"https:\/\/www.google.com\/maps\/embed?pb=!1m18!1m12!1m3!1d2799.4865302716894!2d-75.6291514490649!3d45.439851078998124!2m3!1f0!2f0!3f0!3m2!1i1024!2i768!4f13.1!3m3!1m2!1s0x4cce0ff115004edd%3A0x41b738c8a3e9ae5e!2s801+Aviation+Pkwy%2C+Ottawa%2C+ON+K1K+4R3!5e0!3m2!1sen!2sca!4v1566325108461!5m2!1sen!2sca\" width=\"1200\" height=\"600\" frameborder=\"0\" style=\"border:0\" allowfullscreen><\/iframe>\n\t\t<\/div>\n\t<\/div>\n<\/div><\/div><\/div><\/div><\/section>","protected":false},"excerpt":{"rendered":"Career Kickstart! Employment Pathways for College and University Students When: Tuesday, April 30th, 2019 Time: 3:30 pm \u2014 7:30 pm Location: La Cite Collegiale, 801 Aviation Pkwy, Ottawa, ON K1K 4R3 Audience: Alumni,\u00a0Carleton Community,\u00a0Current Students MORE INFORMATION Career Kickstart It\u2019s time to kick-start your career by learning more about the employment pathways that are available...","protected":false},"author":1,"featured_media":0,"parent":0,"menu_order":0,"comment_status":"closed","ping_status":"closed","template":"","meta":{"footnotes":""},"categories":[69],"tags":[],"class_list":["post-318","page","type-page","status-publish","hentry","category-event"],"_links":{"self":[{"href":"https:\/\/onleyinitiative.ca\/fr\/wp-json\/wp\/v2\/pages\/318","targetHints":{"allow":["GET"]}}],"collection":[{"href":"https:\/\/onleyinitiative.ca\/fr\/wp-json\/wp\/v2\/pages"}],"about":[{"href":"https:\/\/onleyinitiative.ca\/fr\/wp-json\/wp\/v2\/types\/page"}],"author":[{"embeddable":true,"href":"https:\/\/onleyinitiative.ca\/fr\/wp-json\/wp\/v2\/users\/1"}],"replies":[{"embeddable":true,"href":"https:\/\/onleyinitiative.ca\/fr\/wp-json\/wp\/v2\/comments?post=318"}],"version-history":[{"count":15,"href":"https:\/\/onleyinitiative.ca\/fr\/wp-json\/wp\/v2\/pages\/318\/revisions"}],"predecessor-version":[{"id":11632,"href":"https:\/\/onleyinitiative.ca\/fr\/wp-json\/wp\/v2\/pages\/318\/revisions\/11632"}],"wp:attachment":[{"href":"https:\/\/onleyinitiative.ca\/fr\/wp-json\/wp\/v2\/media?parent=318"}],"wp:term":[{"taxonomy":"category","embeddable":true,"href":"https:\/\/onleyinitiative.ca\/fr\/wp-json\/wp\/v2\/categories?post=318"},{"taxonomy":"post_tag","embeddable":true,"href":"https:\/\/onleyinitiative.ca\/fr\/wp-json\/wp\/v2\/tags?post=318"}],"curies":[{"name":"wp","href":"https:\/\/api.w.org\/{rel}","templated":true}]}}