{"id":341,"date":"2019-04-19T09:57:22","date_gmt":"2019-04-19T09:57:22","guid":{"rendered":"http:\/\/doci.arcsqc.com\/?page_id=341"},"modified":"2023-10-27T15:14:45","modified_gmt":"2023-10-27T19:14:45","slug":"boris-vukovic","status":"publish","type":"page","link":"https:\/\/onleyinitiative.ca\/fr\/boris-vukovic\/","title":{"rendered":"Boris Vukovic"},"content":{"rendered":"<section class=\"l-section wpb_row us_custom_33fe73d0 height_medium\" id=\"top-breadcrumbs\"><div class=\"l-section-h i-cf\"><div class=\"g-cols vc_row via_grid cols_1 laptops-cols_inherit tablets-cols_inherit mobiles-cols_1 valign_top type_default stacking_default\"><div class=\"wpb_column vc_column_container\"><div class=\"vc_column-inner\"><div class=\"w-btn-wrapper align_none\"><a class=\"w-btn us-btn-style_5 us_custom_80a192e9 icon_atleft\" title=\"Notre \u00e9quipe\" href=\"https:\/\/onleyinitiative.ca\/fr\/the-team\/#leadership\/\"><i class=\"fas fa-chevron-left\"><\/i><span class=\"w-btn-label\">Retour<\/span><\/a><\/div><\/div><\/div><\/div><\/div><\/section><section class=\"l-section wpb_row height_medium\" id=\"first-row\"><div class=\"l-section-overlay\" style=\"background:#f3f3f3\"><\/div><div class=\"l-section-h i-cf\"><div class=\"g-cols vc_row via_grid cols_1-3 laptops-cols_inherit tablets-cols_inherit mobiles-cols_1 valign_top type_default stacking_default\"><div class=\"wpb_column vc_column_container\"><div class=\"vc_column-inner\"><div class=\"w-image us_custom_30e316af style_shadow-1 align_center\"><div class=\"w-image-h\"><img loading=\"lazy\" decoding=\"async\" width=\"300\" height=\"300\" src=\"https:\/\/onleyinitiative.ca\/wp-content\/uploads\/2019\/04\/boris-vukovic-300w-1_300x300_acf_cropped.jpg\" class=\"attachment-large size-large\" alt=\"Boris Vukovic\" srcset=\"https:\/\/onleyinitiative.ca\/wp-content\/uploads\/2019\/04\/boris-vukovic-300w-1_300x300_acf_cropped.jpg 300w, https:\/\/onleyinitiative.ca\/wp-content\/uploads\/2019\/04\/boris-vukovic-300w-1_300x300_acf_cropped-150x150.jpg 150w\" sizes=\"auto, (max-width: 300px) 100vw, 300px\" \/><\/div><\/div><\/div><\/div><div class=\"wpb_column vc_column_container\"><div class=\"vc_column-inner\"><div class=\"wpb_text_column\"><div class=\"wpb_wrapper\"><h1 class=\"l-post--people-title u-margin-0\"><strong>Boris Vukovic<\/strong><\/h1>\n<h2 class=\"l-post--people-subtitle u-font-weight-l\">Directeur, Initiative READ<\/h2>\n<table class=\"table u-background-color-none u-hide-below-small u-margin-0\" role=\"presentation\">\n<tbody>\n<tr>\n<td class=\"table__left u-font-weight-m u-padding-b-0\">Email:<\/td>\n<td class=\"table__right u-padding-b-0\"><a href=\"mailto:boris.vukovic@carleton.ca\">boris.vukovic@carleton.ca<\/a><\/td>\n<\/tr>\n<tr>\n<td class=\"table__left u-font-weight-m u-padding-b-0\">T\u00e9l\u00e9phone:<\/td>\n<td class=\"table__right u-padding-b-0\"><a>613-520-2600<\/a>, ext. 1988<\/td>\n<\/tr>\n<\/tbody>\n<\/table>\n<\/div><\/div><\/div><\/div><\/div><\/div><\/section><section class=\"l-section wpb_row height_medium\" id=\"second-row\"><div class=\"l-section-h i-cf\"><div class=\"g-cols vc_row via_grid cols_1 laptops-cols_inherit tablets-cols_inherit mobiles-cols_1 valign_top type_default stacking_default\"><div class=\"wpb_column vc_column_container\"><div class=\"vc_column-inner\"><div class=\"wpb_text_column\"><div class=\"wpb_wrapper\"><table class=\"table l-post__table\" role=\"presentation\">\n<tbody>\n<tr>\n<td class=\"table__left u-font-weight-m\">B\u00e2timent:<\/td>\n<td class=\"table__right\">3500 <a href=\"https:\/\/carleton.ca\/campus\/buildings\/carleton-technology-and-training-centre\/\">Centre de technologie et de formation de Carleton<\/a><\/td>\n<\/tr>\n<tr>\n<td class=\"table__left u-font-weight-m\">D\u00e9partement:<\/td>\n<td class=\"table__right\"><a href=\"https:\/\/carleton.ca\/read\" target=\"_blank\" rel=\"noopener noreferrer\">READ Initiative<\/a><\/td>\n<\/tr>\n<tr>\n<td class=\"table__left u-font-weight-m\">Degr\u00e9s:<\/td>\n<td class=\"table__right\">B.A. Hon., M.Ed., Ph.D.<\/td>\n<\/tr>\n<\/tbody>\n<\/table>\n<\/div><\/div><div class=\"w-separator size_medium\"><\/div><div class=\"wpb_text_column\"><div class=\"wpb_wrapper\"><h2>la biographie<\/h2>\n<p>M.\u00a0Vukovic est \u00e0 la t\u00eate de l\u2019initiative READ et de l\u2019initiative David C. Onley. Professeur, chercheur et cadre sup\u00e9rieur, il a consacr\u00e9 sa carri\u00e8re aux efforts visant \u00e0 comprendre et \u00e0 favoriser la r\u00e9ussite des \u00e9tudiants en situation de handicap. Au cours des 15 derni\u00e8res ann\u00e9es, M.\u00a0Vukovic a pilot\u00e9 les efforts de l\u2019Universit\u00e9 Carleton dans le cadre des services offerts directement aux \u00e9tudiants, de la formation du corps professoral, de la recherche appliqu\u00e9e et des normes professionnelles, pour devenir un chef de file national en mati\u00e8re d\u2019accessibilit\u00e9. Il est titulaire d\u2019un doctorat de l\u2019Universit\u00e9 McGill et est membre de l\u2019American Educational Research Association, de l\u2019Association canadienne de counseling et de psychoth\u00e9rapie et de l\u2019Ordre des psychoth\u00e9rapeutes autoris\u00e9s de l\u2019Ontario. Il est \u00e9galement professeur auxiliaire de recherche \u00e0 la School of Industrial Design de l\u2019Universit\u00e9 Carleton et professeur auxiliaire de psychop\u00e9dagogie \u00e0 l\u2019Universit\u00e9 McGill.<\/p>\n<\/div><\/div><\/div><\/div><\/div><\/div><\/section>","protected":false},"excerpt":{"rendered":"BackBoris Vukovic Director, READ Initiative Email: boris.vukovic@carleton.ca Phone: 613-520-2600, ext. 1988 Building: 3500 Carleton Technology and Training Centre Department: READ Initiative Degrees: B.A. Hon., M.Ed., Ph.D. Biography Boris leads the READ Initiative and David C. Onley Initiative. A teacher, researcher and executive, he has spent his career seeking to understand and support the success of...","protected":false},"author":1,"featured_media":0,"parent":0,"menu_order":0,"comment_status":"closed","ping_status":"closed","template":"","meta":{"footnotes":""},"categories":[],"tags":[],"class_list":["post-341","page","type-page","status-publish","hentry"],"_links":{"self":[{"href":"https:\/\/onleyinitiative.ca\/fr\/wp-json\/wp\/v2\/pages\/341","targetHints":{"allow":["GET"]}}],"collection":[{"href":"https:\/\/onleyinitiative.ca\/fr\/wp-json\/wp\/v2\/pages"}],"about":[{"href":"https:\/\/onleyinitiative.ca\/fr\/wp-json\/wp\/v2\/types\/page"}],"author":[{"embeddable":true,"href":"https:\/\/onleyinitiative.ca\/fr\/wp-json\/wp\/v2\/users\/1"}],"replies":[{"embeddable":true,"href":"https:\/\/onleyinitiative.ca\/fr\/wp-json\/wp\/v2\/comments?post=341"}],"version-history":[{"count":25,"href":"https:\/\/onleyinitiative.ca\/fr\/wp-json\/wp\/v2\/pages\/341\/revisions"}],"predecessor-version":[{"id":11368,"href":"https:\/\/onleyinitiative.ca\/fr\/wp-json\/wp\/v2\/pages\/341\/revisions\/11368"}],"wp:attachment":[{"href":"https:\/\/onleyinitiative.ca\/fr\/wp-json\/wp\/v2\/media?parent=341"}],"wp:term":[{"taxonomy":"category","embeddable":true,"href":"https:\/\/onleyinitiative.ca\/fr\/wp-json\/wp\/v2\/categories?post=341"},{"taxonomy":"post_tag","embeddable":true,"href":"https:\/\/onleyinitiative.ca\/fr\/wp-json\/wp\/v2\/tags?post=341"}],"curies":[{"name":"wp","href":"https:\/\/api.w.org\/{rel}","templated":true}]}}