{"id":350,"date":"2019-04-19T10:18:48","date_gmt":"2019-04-19T10:18:48","guid":{"rendered":"http:\/\/doci.arcsqc.com\/?page_id=350"},"modified":"2023-10-27T15:14:45","modified_gmt":"2023-10-27T19:14:45","slug":"dean-mellway","status":"publish","type":"page","link":"https:\/\/onleyinitiative.ca\/fr\/dean-mellway\/","title":{"rendered":"Dean Mellway"},"content":{"rendered":"<section class=\"l-section wpb_row us_custom_33fe73d0 height_medium\" id=\"top-breadcrumbs\"><div class=\"l-section-h i-cf\"><div class=\"g-cols vc_row via_grid cols_1 laptops-cols_inherit tablets-cols_inherit mobiles-cols_1 valign_top type_default stacking_default\"><div class=\"wpb_column vc_column_container\"><div class=\"vc_column-inner\"><div class=\"w-btn-wrapper align_none\"><a class=\"w-btn us-btn-style_5 us_custom_80a192e9 icon_atleft\" title=\"Notre \u00e9quipe\" href=\"https:\/\/onleyinitiative.ca\/fr\/the-team\/#leadership\/\"><i class=\"fas fa-chevron-left\"><\/i><span class=\"w-btn-label\">Retour<\/span><\/a><\/div><\/div><\/div><\/div><\/div><\/section><section class=\"l-section wpb_row height_medium\" id=\"first-row\"><div class=\"l-section-overlay\" style=\"background:#f3f3f3\"><\/div><div class=\"l-section-h i-cf\"><div class=\"g-cols vc_row via_grid cols_1-3 laptops-cols_inherit tablets-cols_inherit mobiles-cols_1 valign_top type_default stacking_default\"><div class=\"wpb_column vc_column_container\"><div class=\"vc_column-inner\"><div class=\"w-image us_custom_30e316af style_shadow-1 align_center\"><div class=\"w-image-h\"><img loading=\"lazy\" decoding=\"async\" width=\"300\" height=\"300\" src=\"https:\/\/onleyinitiative.ca\/wp-content\/uploads\/2019\/04\/dean-mellway-300w-1_300x300_acf_cropped.jpg\" class=\"attachment-large size-large\" alt=\"Dean Mellway\" srcset=\"https:\/\/onleyinitiative.ca\/wp-content\/uploads\/2019\/04\/dean-mellway-300w-1_300x300_acf_cropped.jpg 300w, https:\/\/onleyinitiative.ca\/wp-content\/uploads\/2019\/04\/dean-mellway-300w-1_300x300_acf_cropped-150x150.jpg 150w\" sizes=\"auto, (max-width: 300px) 100vw, 300px\" \/><\/div><\/div><\/div><\/div><div class=\"wpb_column vc_column_container\"><div class=\"vc_column-inner\"><div class=\"wpb_text_column\"><div class=\"wpb_wrapper\"><h1 class=\"l-post--people-title u-margin-0\"><strong>Dean Mellway<\/strong><\/h1>\n<h2 class=\"l-post--people-subtitle u-font-weight-l\">Conseiller sp\u00e9cial, Initiative READ<\/h2>\n<table class=\"table u-background-color-none u-hide-below-small u-margin-0\" role=\"presentation\">\n<tbody>\n<tr>\n<td class=\"table__left u-font-weight-m u-padding-b-0\">Email:<\/td>\n<td class=\"table__right u-padding-b-0\"><a href=\"mailto:dean.mellway@carleton.ca\">dean.mellway@carleton.ca<\/a><\/td>\n<\/tr>\n<tr>\n<td class=\"table__left u-font-weight-m u-padding-b-0\">T\u00e9l\u00e9phone:<\/td>\n<td class=\"table__right u-padding-b-0\"><a>613-520-2600<\/a>, ext. 1144<\/td>\n<\/tr>\n<\/tbody>\n<\/table>\n<\/div><\/div><\/div><\/div><\/div><\/div><\/section><section class=\"l-section wpb_row height_medium\" id=\"second-row\"><div class=\"l-section-h i-cf\"><div class=\"g-cols vc_row via_grid cols_2-1 laptops-cols_inherit tablets-cols_inherit mobiles-cols_1 valign_top type_default stacking_default\"><div class=\"wpb_column vc_column_container\"><div class=\"vc_column-inner\"><div class=\"wpb_text_column\"><div class=\"wpb_wrapper\"><table class=\"table l-post__table\" role=\"presentation\">\n<tbody>\n<tr>\n<td class=\"table__left u-font-weight-m\">B\u00e2timent:<\/td>\n<td class=\"table__right\">3500 <a href=\"https:\/\/carleton.ca\/campus\/buildings\/carleton-technology-and-training-centre\/\">Centre de technologie et de formation de Carleton<\/a><\/td>\n<\/tr>\n<tr>\n<td class=\"table__left u-font-weight-m\">D\u00e9partement:<\/td>\n<td class=\"table__right\"><a href=\"https:\/\/carleton.ca\/read\/\" target=\"_blank\" rel=\"noopener noreferrer\">READ Initiative<\/a><\/td>\n<\/tr>\n<tr>\n<td class=\"table__left u-font-weight-m\">Degr\u00e9s:<\/td>\n<td class=\"table__right\">B.A., M.S.W<\/td>\n<\/tr>\n<\/tbody>\n<\/table>\n<\/div><\/div><div class=\"w-separator size_medium\"><\/div><div class=\"wpb_text_column\"><div class=\"wpb_wrapper\"><h2>la biographie<\/h2>\n<p>M.\u00a0Mellway incarne l\u2019accessibilit\u00e9 \u00e0 l\u2019Universit\u00e9 Carleton. Cadre sup\u00e9rieur, il a \u00e9t\u00e9 directeur r\u00e9gional de la Marche des dix sous de l\u2019Ontario, directeur ex\u00e9cutif de l\u2019Association canadienne des sports en fauteuil roulant et directeur de l\u2019initiative READ de Carleton pendant six ans. En tant qu\u2019athl\u00e8te, il a repr\u00e9sent\u00e9 le Canada pendant trois d\u00e9cennies aux Jeux paralympiques et aux championnats du monde dans plusieurs sports. B\u00e9n\u00e9vole, il a si\u00e9g\u00e9 pendant trois ans au Conseil consultatif des normes d\u2019accessibilit\u00e9\/comit\u00e9 d\u2019\u00e9laboration des normes de la province de l\u2019Ontario. M.\u00a0Mellway est titulaire d\u2019une ma\u00eetrise en travail social de l\u2019Universit\u00e9 Wilfrid Laurier.<\/p>\n<\/div><\/div><\/div><\/div><div class=\"wpb_column vc_column_container\"><div class=\"vc_column-inner\"><\/div><\/div><\/div><\/div><\/section>","protected":false},"excerpt":{"rendered":"BackDean Mellway Special Advisor, READ Initiative Email: dean.mellway@carleton.ca Phone: 613-520-2600, ext. 1144 Building: 3500 Carleton Technology and Training Centre Department: READ Initiative Degrees: B.A., M.S.W Biography Dean is synonymous with accessibility at Carleton University. An executive, he was regional director of the Ontario March of Dimes, executive director of the Canadian Wheelchair Sports Association and...","protected":false},"author":1,"featured_media":0,"parent":0,"menu_order":0,"comment_status":"closed","ping_status":"closed","template":"","meta":{"footnotes":""},"categories":[],"tags":[],"class_list":["post-350","page","type-page","status-publish","hentry"],"_links":{"self":[{"href":"https:\/\/onleyinitiative.ca\/fr\/wp-json\/wp\/v2\/pages\/350","targetHints":{"allow":["GET"]}}],"collection":[{"href":"https:\/\/onleyinitiative.ca\/fr\/wp-json\/wp\/v2\/pages"}],"about":[{"href":"https:\/\/onleyinitiative.ca\/fr\/wp-json\/wp\/v2\/types\/page"}],"author":[{"embeddable":true,"href":"https:\/\/onleyinitiative.ca\/fr\/wp-json\/wp\/v2\/users\/1"}],"replies":[{"embeddable":true,"href":"https:\/\/onleyinitiative.ca\/fr\/wp-json\/wp\/v2\/comments?post=350"}],"version-history":[{"count":17,"href":"https:\/\/onleyinitiative.ca\/fr\/wp-json\/wp\/v2\/pages\/350\/revisions"}],"predecessor-version":[{"id":11369,"href":"https:\/\/onleyinitiative.ca\/fr\/wp-json\/wp\/v2\/pages\/350\/revisions\/11369"}],"wp:attachment":[{"href":"https:\/\/onleyinitiative.ca\/fr\/wp-json\/wp\/v2\/media?parent=350"}],"wp:term":[{"taxonomy":"category","embeddable":true,"href":"https:\/\/onleyinitiative.ca\/fr\/wp-json\/wp\/v2\/categories?post=350"},{"taxonomy":"post_tag","embeddable":true,"href":"https:\/\/onleyinitiative.ca\/fr\/wp-json\/wp\/v2\/tags?post=350"}],"curies":[{"name":"wp","href":"https:\/\/api.w.org\/{rel}","templated":true}]}}