{"id":353,"date":"2019-04-19T10:23:02","date_gmt":"2019-04-19T10:23:02","guid":{"rendered":"http:\/\/doci.arcsqc.com\/?page_id=353"},"modified":"2023-10-27T15:14:45","modified_gmt":"2023-10-27T19:14:45","slug":"julie-caldwell","status":"publish","type":"page","link":"https:\/\/onleyinitiative.ca\/fr\/julie-caldwell\/","title":{"rendered":"Julie Caldwell"},"content":{"rendered":"<section class=\"l-section wpb_row us_custom_33fe73d0 height_medium\" id=\"top-breadcrumbs\"><div class=\"l-section-h i-cf\"><div class=\"g-cols vc_row via_grid cols_1 laptops-cols_inherit tablets-cols_inherit mobiles-cols_1 valign_top type_default stacking_default\"><div class=\"wpb_column vc_column_container\"><div class=\"vc_column-inner\"><div class=\"w-btn-wrapper align_none\"><a class=\"w-btn us-btn-style_5 us_custom_80a192e9 icon_atleft\" title=\"Notre \u00e9quipe\" href=\"https:\/\/onleyinitiative.ca\/fr\/the-team\/#leadership\/\"><i class=\"fas fa-chevron-left\"><\/i><span class=\"w-btn-label\">Retour<\/span><\/a><\/div><\/div><\/div><\/div><\/div><\/section><section class=\"l-section wpb_row height_medium\" id=\"first-row\"><div class=\"l-section-overlay\" style=\"background:#f3f3f3\"><\/div><div class=\"l-section-h i-cf\"><div class=\"g-cols vc_row via_grid cols_1-3 laptops-cols_inherit tablets-cols_inherit mobiles-cols_1 valign_top type_default stacking_default\"><div class=\"wpb_column vc_column_container\"><div class=\"vc_column-inner\"><div class=\"w-image us_custom_30e316af style_shadow-1 align_center\"><div class=\"w-image-h\"><img loading=\"lazy\" decoding=\"async\" width=\"300\" height=\"300\" src=\"https:\/\/onleyinitiative.ca\/wp-content\/uploads\/2019\/04\/julie-caldwell-300w-1_300x300_acf_cropped.jpg\" class=\"attachment-large size-large\" alt=\"Julie Caldwell\" srcset=\"https:\/\/onleyinitiative.ca\/wp-content\/uploads\/2019\/04\/julie-caldwell-300w-1_300x300_acf_cropped.jpg 300w, https:\/\/onleyinitiative.ca\/wp-content\/uploads\/2019\/04\/julie-caldwell-300w-1_300x300_acf_cropped-150x150.jpg 150w\" sizes=\"auto, (max-width: 300px) 100vw, 300px\" \/><\/div><\/div><\/div><\/div><div class=\"wpb_column vc_column_container\"><div class=\"vc_column-inner\"><div class=\"wpb_text_column\"><div class=\"wpb_wrapper\"><h1 class=\"l-post--people-title u-margin-0\"><strong>Julie Caldwell<\/strong><\/h1>\n<h2 class=\"l-post--people-subtitle u-font-weight-l\">Directeur adjoint, Op\u00e9rations de programme - Initiative David C. Onley<\/h2>\n<table class=\"table u-background-color-none u-hide-below-small u-margin-0\" role=\"presentation\">\n<tbody>\n<tr>\n<td class=\"table__left u-font-weight-m u-padding-b-0\">Email:<\/td>\n<td class=\"table__right u-padding-b-0\"><a href=\"mailto:julie.caldwell@carleton.ca\">julie.caldwell@carleton.ca<\/a><\/td>\n<\/tr>\n<tr>\n<td class=\"table__left u-font-weight-m u-padding-b-0\">T\u00e9l\u00e9phone:<\/td>\n<td class=\"table__right u-padding-b-0\"><a>613-520-2600<\/a>, ext. 7300<\/td>\n<\/tr>\n<\/tbody>\n<\/table>\n<\/div><\/div><\/div><\/div><\/div><\/div><\/section><section class=\"l-section wpb_row height_medium\" id=\"second-row\"><div class=\"l-section-h i-cf\"><div class=\"g-cols vc_row via_grid cols_2-1 laptops-cols_inherit tablets-cols_inherit mobiles-cols_1 valign_top type_default stacking_default\"><div class=\"wpb_column vc_column_container\"><div class=\"vc_column-inner\"><div class=\"wpb_text_column\"><div class=\"wpb_wrapper\"><table class=\"table l-post__table\" role=\"presentation\">\n<tbody>\n<tr>\n<td class=\"table__left u-font-weight-m\">B\u00e2timent:<\/td>\n<td class=\"table__right\">\u00a03500 <a href=\"https:\/\/carleton.ca\/campus\/buildings\/carleton-technology-and-training-centre\/\">Centre de technologie et de formation de Carleton<\/a><\/td>\n<\/tr>\n<tr>\n<td class=\"table__left u-font-weight-m\">D\u00e9partement:<\/td>\n<td class=\"table__right\"><a href=\"https:\/\/carleton.ca\/read\/\">Research Education Accessibility Design Initiative<\/a><\/td>\n<\/tr>\n<tr>\n<td class=\"table__left u-font-weight-m\">Degr\u00e9s:<\/td>\n<td class=\"table__right\">MBA<\/td>\n<\/tr>\n<\/tbody>\n<\/table>\n<\/div><\/div><div class=\"w-separator size_medium\"><\/div><div class=\"wpb_text_column\"><div class=\"wpb_wrapper\"><h2>la biographie<\/h2>\n<p>Julie Caldwell est une incontournable \u00e0 l\u2019Universit\u00e9 Carleton depuis une g\u00e9n\u00e9ration d\u2019\u00e9tudiants. Avant de diriger l\u2019Initiative David C. Onley, elle a g\u00e9r\u00e9 des programmes d\u2019\u00e9tudes sup\u00e9rieures professionnelles \u00e0 la Sprott School of Business, occup\u00e9 le poste de secr\u00e9taire d\u2019universit\u00e9, \u00e9t\u00e9 directrice g\u00e9n\u00e9rale charg\u00e9e de l\u2019administration et des accr\u00e9ditations, a jet\u00e9 les bases du Business Career Management Centre \u00e0 la Sprott School of Business et occup\u00e9 divers postes dans plusieurs universit\u00e9s. Elle est \u00e9galement instructrice contractuelle. Mme\u00a0Bennett est titulaire d\u2019une ma\u00eetrise en administration des affaires de l\u2019\u00c9cole de gestion Telfer de l\u2019Universit\u00e9 d\u2019Ottawa.<\/p>\n<\/div><\/div><\/div><\/div><div class=\"wpb_column vc_column_container\"><div class=\"vc_column-inner\"><\/div><\/div><\/div><\/div><\/section>","protected":false},"excerpt":{"rendered":"BackJulie Caldwell Assistant Director, Program Operations &#8211; David C. Onley Initiative Email: julie.caldwell@carleton.ca Phone: 613-520-2600, ext. 7300 Building: \u00a03500 Carleton Technology and Training Centre Department: Research Education Accessibility Design Initiative Degrees: MBA Biography Julie has been a fixture at Carleton University for over 24 years. Prior to assuming her leadership role at the David C....","protected":false},"author":1,"featured_media":0,"parent":0,"menu_order":0,"comment_status":"closed","ping_status":"closed","template":"","meta":{"footnotes":""},"categories":[],"tags":[],"class_list":["post-353","page","type-page","status-publish","hentry"],"_links":{"self":[{"href":"https:\/\/onleyinitiative.ca\/fr\/wp-json\/wp\/v2\/pages\/353","targetHints":{"allow":["GET"]}}],"collection":[{"href":"https:\/\/onleyinitiative.ca\/fr\/wp-json\/wp\/v2\/pages"}],"about":[{"href":"https:\/\/onleyinitiative.ca\/fr\/wp-json\/wp\/v2\/types\/page"}],"author":[{"embeddable":true,"href":"https:\/\/onleyinitiative.ca\/fr\/wp-json\/wp\/v2\/users\/1"}],"replies":[{"embeddable":true,"href":"https:\/\/onleyinitiative.ca\/fr\/wp-json\/wp\/v2\/comments?post=353"}],"version-history":[{"count":11,"href":"https:\/\/onleyinitiative.ca\/fr\/wp-json\/wp\/v2\/pages\/353\/revisions"}],"predecessor-version":[{"id":11370,"href":"https:\/\/onleyinitiative.ca\/fr\/wp-json\/wp\/v2\/pages\/353\/revisions\/11370"}],"wp:attachment":[{"href":"https:\/\/onleyinitiative.ca\/fr\/wp-json\/wp\/v2\/media?parent=353"}],"wp:term":[{"taxonomy":"category","embeddable":true,"href":"https:\/\/onleyinitiative.ca\/fr\/wp-json\/wp\/v2\/categories?post=353"},{"taxonomy":"post_tag","embeddable":true,"href":"https:\/\/onleyinitiative.ca\/fr\/wp-json\/wp\/v2\/tags?post=353"}],"curies":[{"name":"wp","href":"https:\/\/api.w.org\/{rel}","templated":true}]}}