{"id":355,"date":"2019-04-19T10:25:55","date_gmt":"2019-04-19T10:25:55","guid":{"rendered":"http:\/\/doci.arcsqc.com\/?page_id=355"},"modified":"2023-10-27T15:14:45","modified_gmt":"2023-10-27T19:14:45","slug":"tara-connolly","status":"publish","type":"page","link":"https:\/\/onleyinitiative.ca\/fr\/tara-connolly\/","title":{"rendered":"Tara Connolly"},"content":{"rendered":"<section class=\"l-section wpb_row us_custom_33fe73d0 height_medium\" id=\"top-breadcrumbs\"><div class=\"l-section-h i-cf\"><div class=\"g-cols vc_row via_grid cols_1 laptops-cols_inherit tablets-cols_inherit mobiles-cols_1 valign_top type_default stacking_default\"><div class=\"wpb_column vc_column_container\"><div class=\"vc_column-inner\"><div class=\"w-btn-wrapper align_none\"><a class=\"w-btn us-btn-style_5 us_custom_80a192e9 icon_atleft\" title=\"Notre \u00e9quipe\" href=\"https:\/\/onleyinitiative.ca\/fr\/the-team\/#leadership\/\"><i class=\"fas fa-chevron-left\"><\/i><span class=\"w-btn-label\">Retour<\/span><\/a><\/div><\/div><\/div><\/div><\/div><\/section><section class=\"l-section wpb_row height_medium\" id=\"first-row\"><div class=\"l-section-overlay\" style=\"background:#f3f3f3\"><\/div><div class=\"l-section-h i-cf\"><div class=\"g-cols vc_row via_grid cols_1-3 laptops-cols_inherit tablets-cols_inherit mobiles-cols_1 valign_top type_default stacking_default\"><div class=\"wpb_column vc_column_container\"><div class=\"vc_column-inner\"><div class=\"w-image us_custom_30e316af style_shadow-1 align_center\"><div class=\"w-image-h\"><img loading=\"lazy\" decoding=\"async\" width=\"300\" height=\"300\" src=\"https:\/\/onleyinitiative.ca\/wp-content\/uploads\/2019\/04\/tara-connolly-300w-1_300x300_acf_cropped.jpg\" class=\"attachment-large size-large\" alt=\"Tara Connolly\" srcset=\"https:\/\/onleyinitiative.ca\/wp-content\/uploads\/2019\/04\/tara-connolly-300w-1_300x300_acf_cropped.jpg 300w, https:\/\/onleyinitiative.ca\/wp-content\/uploads\/2019\/04\/tara-connolly-300w-1_300x300_acf_cropped-150x150.jpg 150w\" sizes=\"auto, (max-width: 300px) 100vw, 300px\" \/><\/div><\/div><\/div><\/div><div class=\"wpb_column vc_column_container\"><div class=\"vc_column-inner\"><div class=\"wpb_text_column\"><div class=\"wpb_wrapper\"><h1 class=\"l-post--people-title u-margin-0\"><strong>Tara Connolly<\/strong><\/h1>\n<h2 class=\"l-post--people-subtitle u-font-weight-l\">Directrice adjointe pour la recherche et d\u00e9veloppement<\/h2>\n<table class=\"table u-background-color-none u-hide-below-small u-margin-0\" role=\"presentation\">\n<tbody>\n<tr>\n<td class=\"table__left u-font-weight-m u-padding-b-0\">Email:<\/td>\n<td class=\"table__right u-padding-b-0\"><a href=\"mailto:tara.connolly@carleton.ca\">tara.connolly@carleton.ca<\/a><\/td>\n<\/tr>\n<tr>\n<td class=\"table__left u-font-weight-m u-padding-b-0\">T\u00e9l\u00e9phone:<\/td>\n<td class=\"table__right u-padding-b-0\"><a>613-520-2600<\/a>, ext. 7301<\/td>\n<\/tr>\n<\/tbody>\n<\/table>\n<\/div><\/div><\/div><\/div><\/div><\/div><\/section><section class=\"l-section wpb_row height_medium\" id=\"second-row\"><div class=\"l-section-h i-cf\"><div class=\"g-cols vc_row via_grid cols_2-1 laptops-cols_inherit tablets-cols_inherit mobiles-cols_1 valign_top type_default stacking_default\"><div class=\"wpb_column vc_column_container\"><div class=\"vc_column-inner\"><div class=\"wpb_text_column\"><div class=\"wpb_wrapper\"><table class=\"table l-post__table\" role=\"presentation\">\n<tbody>\n<tr>\n<td class=\"table__left u-font-weight-m\">B\u00e2timent:<\/td>\n<td class=\"table__right\">\u00a03500 <a href=\"https:\/\/carleton.ca\/campus\/buildings\/carleton-technology-and-training-centre\/\">Centre de technologie et de formation de Carleton<\/a><\/td>\n<\/tr>\n<tr>\n<td class=\"table__left u-font-weight-m\">D\u00e9partement:<\/td>\n<td class=\"table__right\"><a href=\"https:\/\/carleton.ca\/pmc\/\">Centre Paul Menton pour \u00e9tudiants handicap\u00e9s<\/a><\/td>\n<\/tr>\n<\/tbody>\n<\/table>\n<\/div><\/div><div class=\"w-separator size_medium\"><\/div><div class=\"wpb_text_column\"><div class=\"wpb_wrapper\"><h2>la biographie<\/h2>\n<p>Sp\u00e9cialiste de la transition, Mme\u00a0Connolly a une vingtaine d\u2019ann\u00e9es d\u2019exp\u00e9rience de travail et d\u2019apprentissage aupr\u00e8s d\u2019adultes et de jeunes ayant un trouble sur le spectre de l\u2019autisme, aidant ces penseurs neurodivergents \u00e0 se d\u00e9velopper selon leurs propres termes et \u00e0 cr\u00e9er collaborativement des transitions significatives vers leur vie d\u2019adulte, ainsi que durant leur carri\u00e8re. Elle a \u00e9t\u00e9 professeure, consultante AFPS au Centre hospitalier pour enfants de l\u2019est de l\u2019Ontario, experte en mati\u00e8re de TSA \u00e0 l\u2019Agence de la sant\u00e9 publique du Canada et conseill\u00e8re en invalidit\u00e9 au Coll\u00e8ge Algonquin. \u00c0 titre de coordonnatrice du la Transition Support Centre du Coll\u00e8ge Algonquin, elle a jou\u00e9 un r\u00f4le d\u00e9terminant dans la conception d\u2019un service favorisant la transition des \u00e9tudiants atteints de TSA vers l\u2019\u00e9ducation postsecondaire. Mme\u00a0Connolly est titulaire d\u2019une ma\u00eetrise en sociologie et \u00e9tudes de l\u2019\u00e9quit\u00e9 de l\u2019Universit\u00e9 de Toronto et est membre de l\u2019Association canadienne de counseling et de psychoth\u00e9rapie.<\/p>\n<\/div><\/div><\/div><\/div><div class=\"wpb_column vc_column_container\"><div class=\"vc_column-inner\"><\/div><\/div><\/div><\/div><\/section>","protected":false},"excerpt":{"rendered":"BackTara Connolly Assistant Director, Research &amp; Development &#8211; David C. Onley Initiative Email: tara.connolly@carleton.ca Phone: 613-520-2600, ext. 7301 Building: \u00a03500 Carleton Technology and Training Centre Department: Paul Menton Centre for Students with Disabilities Biography Tara is a transitions specialist who has some 20 years of experience working with and learning from adults and youth on...","protected":false},"author":1,"featured_media":0,"parent":0,"menu_order":0,"comment_status":"closed","ping_status":"closed","template":"","meta":{"footnotes":""},"categories":[],"tags":[],"class_list":["post-355","page","type-page","status-publish","hentry"],"_links":{"self":[{"href":"https:\/\/onleyinitiative.ca\/fr\/wp-json\/wp\/v2\/pages\/355","targetHints":{"allow":["GET"]}}],"collection":[{"href":"https:\/\/onleyinitiative.ca\/fr\/wp-json\/wp\/v2\/pages"}],"about":[{"href":"https:\/\/onleyinitiative.ca\/fr\/wp-json\/wp\/v2\/types\/page"}],"author":[{"embeddable":true,"href":"https:\/\/onleyinitiative.ca\/fr\/wp-json\/wp\/v2\/users\/1"}],"replies":[{"embeddable":true,"href":"https:\/\/onleyinitiative.ca\/fr\/wp-json\/wp\/v2\/comments?post=355"}],"version-history":[{"count":12,"href":"https:\/\/onleyinitiative.ca\/fr\/wp-json\/wp\/v2\/pages\/355\/revisions"}],"predecessor-version":[{"id":11371,"href":"https:\/\/onleyinitiative.ca\/fr\/wp-json\/wp\/v2\/pages\/355\/revisions\/11371"}],"wp:attachment":[{"href":"https:\/\/onleyinitiative.ca\/fr\/wp-json\/wp\/v2\/media?parent=355"}],"wp:term":[{"taxonomy":"category","embeddable":true,"href":"https:\/\/onleyinitiative.ca\/fr\/wp-json\/wp\/v2\/categories?post=355"},{"taxonomy":"post_tag","embeddable":true,"href":"https:\/\/onleyinitiative.ca\/fr\/wp-json\/wp\/v2\/tags?post=355"}],"curies":[{"name":"wp","href":"https:\/\/api.w.org\/{rel}","templated":true}]}}